{"id":805,"date":"2023-04-11T12:51:32","date_gmt":"2023-04-11T12:51:32","guid":{"rendered":"https:\/\/centoserenate.it\/cento-serenate-e-un-film\/"},"modified":"2025-09-22T21:17:51","modified_gmt":"2025-09-22T21:17:51","slug":"cento-serenate-e-un-film","status":"publish","type":"page","link":"https:\/\/centoserenate.it\/it\/cento-serenate-e-un-film\/","title":{"rendered":"Cento Serenate \u00e8 un film"},"content":{"rendered":"\t\t<div data-elementor-type=\"wp-page\" data-elementor-id=\"805\" class=\"elementor elementor-805 elementor-6\">\n\t\t\t\t\t\t<section class=\"elementor-section elementor-top-section elementor-element elementor-element-218c66e7 elementor-section-full_width elementor-section-height-default elementor-section-height-default\" data-id=\"218c66e7\" data-element_type=\"section\" data-e-type=\"section\">\n\t\t\t\t\t\t<div class=\"elementor-container elementor-column-gap-no\">\n\t\t\t\t\t<div class=\"elementor-column elementor-col-100 elementor-top-column elementor-element elementor-element-63b678c8\" data-id=\"63b678c8\" data-element_type=\"column\" data-e-type=\"column\">\n\t\t\t<div class=\"elementor-widget-wrap elementor-element-populated\">\n\t\t\t\t\t\t<div class=\"elementor-element elementor-element-6ee7f62a elementor-widget elementor-widget-text-editor\" data-id=\"6ee7f62a\" data-element_type=\"widget\" data-e-type=\"widget\" data-widget_type=\"text-editor.default\">\n\t\t\t\t<div class=\"elementor-widget-container\">\n\t\t\t\t\t\t\t\t\t<p>Il nostro appartamento ha una storia davvero affascinante Nel 1954 nel nostro appartamento fu girato \u201cCento Serenate\u201d, una graziosa commedia romantica con sfondo Amalfi. Il film racconta la storia di Dick Nelson, un industriale americano che viene in Italia con la sua fidanzata Vivienne per ispezionare un&#8217;azienda di pasta. &nbsp;<a href=\"https:\/\/www.youtube.com\/watch?v=kEcvG0k9MEg\" target=\"_blank\"><b>Guarda una scena del film sulle scale del nostro appartamento<\/b><\/a><br>Abbiamo chiamato l&#8217;appartamento &#8220;Cento Serenate Amalfi&#8221; proprio per omaggiare il film che qui fu girato.<\/p>\t\t\t\t\t\t\t\t<\/div>\n\t\t\t\t<\/div>\n\t\t\t\t<div class=\"elementor-element elementor-element-dd911de elementor-widget elementor-widget-text-editor\" data-id=\"dd911de\" data-element_type=\"widget\" data-e-type=\"widget\" data-widget_type=\"text-editor.default\">\n\t\t\t\t<div class=\"elementor-widget-container\">\n\t\t\t\t\t\t\t\t\t<p data-start=\"171\" data-end=\"470\">A <em data-start=\"174\" data-end=\"190\">Cento Serenate<\/em>, l&#8217;ospitalit\u00e0 \u00e8 pi\u00f9 di un servizio, \u00e8 una tradizione di famiglia. Gestito da amalfitani con decenni di esperienza nell&#8217;accoglienza di viaggiatori da tutto il mondo, l&#8217;appartamento riflette le nostre profonde radici amalfitane e la nostra passione per la cura di soggiorni indimenticabili.<\/p><p data-start=\"472\" data-end=\"705\">Ogni dettaglio \u00e8 definito con attenzione per combinare comfort, eleganza e autenticit\u00e0: dagli interni raffinati ispirati ai colori del mare e della natura mediterranea, ai servizi pensati per il vostro massimo relax.<\/p><p data-start=\"707\" data-end=\"995\">Scegliere <em data-start=\"716\" data-end=\"732\">Cento Serenate<\/em> significa vivere Amalfi non solo come ospite, ma come parte della sua storia. Grazie alla nostra conoscenza della zona e alla nostra dedizione a un servizio personalizzato, ci assicuriamo che ogni momento del vostro soggiorno sia impregnato del calore, della bellezza e del fascino senza tempo della Divina Costiera.<\/p>\t\t\t\t\t\t\t\t<\/div>\n\t\t\t\t<\/div>\n\t\t\t\t<div class=\"elementor-element elementor-element-1e3b42be elementor-widget elementor-widget-spacer\" data-id=\"1e3b42be\" data-element_type=\"widget\" data-e-type=\"widget\" data-widget_type=\"spacer.default\">\n\t\t\t\t<div class=\"elementor-widget-container\">\n\t\t\t\t\t\t\t<div class=\"elementor-spacer\">\n\t\t\t<div class=\"elementor-spacer-inner\"><\/div>\n\t\t<\/div>\n\t\t\t\t\t\t<\/div>\n\t\t\t\t<\/div>\n\t\t\t\t<div class=\"elementor-element elementor-element-7dab5143 gallery-spacing-custom elementor-widget elementor-widget-image-gallery\" data-id=\"7dab5143\" data-element_type=\"widget\" data-e-type=\"widget\" data-widget_type=\"image-gallery.default\">\n\t\t\t\t<div class=\"elementor-widget-container\">\n\t\t\t\t\t\t\t<div class=\"elementor-image-gallery\">\n\t\t\t<div id='gallery-1' class='gallery galleryid-805 gallery-columns-3 gallery-size-full'><figure class='gallery-item'>\n\t\t\t<div class='gallery-icon landscape'>\n\t\t\t\t<img fetchpriority=\"high\" decoding=\"async\" width=\"1920\" height=\"1280\" src=\"https:\/\/centoserenate.it\/wp-content\/uploads\/2025\/08\/cento-serenate-_9.webp\" class=\"attachment-full size-full\" alt=\"\" srcset=\"https:\/\/centoserenate.it\/wp-content\/uploads\/2025\/08\/cento-serenate-_9.webp 1920w, https:\/\/centoserenate.it\/wp-content\/uploads\/2025\/08\/cento-serenate-_9-300x200.webp 300w, https:\/\/centoserenate.it\/wp-content\/uploads\/2025\/08\/cento-serenate-_9-1024x683.webp 1024w, https:\/\/centoserenate.it\/wp-content\/uploads\/2025\/08\/cento-serenate-_9-768x512.webp 768w, https:\/\/centoserenate.it\/wp-content\/uploads\/2025\/08\/cento-serenate-_9-1536x1024.webp 1536w, https:\/\/centoserenate.it\/wp-content\/uploads\/2025\/08\/cento-serenate-_9-870x580.webp 870w, https:\/\/centoserenate.it\/wp-content\/uploads\/2025\/08\/cento-serenate-_9-615x410.webp 615w, https:\/\/centoserenate.it\/wp-content\/uploads\/2025\/08\/cento-serenate-_9-1170x780.webp 1170w\" sizes=\"(max-width: 1920px) 100vw, 1920px\" \/>\n\t\t\t<\/div><\/figure><figure class='gallery-item'>\n\t\t\t<div class='gallery-icon landscape'>\n\t\t\t\t<img decoding=\"async\" width=\"1920\" height=\"1280\" src=\"https:\/\/centoserenate.it\/wp-content\/uploads\/2025\/08\/amalfi-square.jpg\" class=\"attachment-full size-full\" alt=\"\" srcset=\"https:\/\/centoserenate.it\/wp-content\/uploads\/2025\/08\/amalfi-square.jpg 1920w, https:\/\/centoserenate.it\/wp-content\/uploads\/2025\/08\/amalfi-square-300x200.jpg 300w, https:\/\/centoserenate.it\/wp-content\/uploads\/2025\/08\/amalfi-square-1024x683.jpg 1024w, https:\/\/centoserenate.it\/wp-content\/uploads\/2025\/08\/amalfi-square-768x512.jpg 768w, https:\/\/centoserenate.it\/wp-content\/uploads\/2025\/08\/amalfi-square-1536x1024.jpg 1536w, https:\/\/centoserenate.it\/wp-content\/uploads\/2025\/08\/amalfi-square-870x580.jpg 870w, https:\/\/centoserenate.it\/wp-content\/uploads\/2025\/08\/amalfi-square-615x410.jpg 615w, https:\/\/centoserenate.it\/wp-content\/uploads\/2025\/08\/amalfi-square-1170x780.jpg 1170w\" sizes=\"(max-width: 1920px) 100vw, 1920px\" \/>\n\t\t\t<\/div><\/figure><figure class='gallery-item'>\n\t\t\t<div class='gallery-icon landscape'>\n\t\t\t\t<img decoding=\"async\" width=\"1920\" height=\"1280\" src=\"https:\/\/centoserenate.it\/wp-content\/uploads\/2025\/08\/cento-serenate-_29.webp\" class=\"attachment-full size-full\" alt=\"\" srcset=\"https:\/\/centoserenate.it\/wp-content\/uploads\/2025\/08\/cento-serenate-_29.webp 1920w, https:\/\/centoserenate.it\/wp-content\/uploads\/2025\/08\/cento-serenate-_29-300x200.webp 300w, https:\/\/centoserenate.it\/wp-content\/uploads\/2025\/08\/cento-serenate-_29-1024x683.webp 1024w, https:\/\/centoserenate.it\/wp-content\/uploads\/2025\/08\/cento-serenate-_29-768x512.webp 768w, https:\/\/centoserenate.it\/wp-content\/uploads\/2025\/08\/cento-serenate-_29-1536x1024.webp 1536w, https:\/\/centoserenate.it\/wp-content\/uploads\/2025\/08\/cento-serenate-_29-870x580.webp 870w, https:\/\/centoserenate.it\/wp-content\/uploads\/2025\/08\/cento-serenate-_29-615x410.webp 615w, https:\/\/centoserenate.it\/wp-content\/uploads\/2025\/08\/cento-serenate-_29-1170x780.webp 1170w\" sizes=\"(max-width: 1920px) 100vw, 1920px\" \/>\n\t\t\t<\/div><\/figure>\n\t\t<\/div>\n\t\t<\/div>\n\t\t\t\t\t\t<\/div>\n\t\t\t\t<\/div>\n\t\t\t\t<div class=\"elementor-element elementor-element-7407e92a elementor-widget elementor-widget-spacer\" data-id=\"7407e92a\" data-element_type=\"widget\" data-e-type=\"widget\" data-widget_type=\"spacer.default\">\n\t\t\t\t<div class=\"elementor-widget-container\">\n\t\t\t\t\t\t\t<div class=\"elementor-spacer\">\n\t\t\t<div class=\"elementor-spacer-inner\"><\/div>\n\t\t<\/div>\n\t\t\t\t\t\t<\/div>\n\t\t\t\t<\/div>\n\t\t\t\t<div class=\"elementor-element elementor-element-f427fff elementor-widget elementor-widget-spacer\" data-id=\"f427fff\" data-element_type=\"widget\" data-e-type=\"widget\" data-widget_type=\"spacer.default\">\n\t\t\t\t<div class=\"elementor-widget-container\">\n\t\t\t\t\t\t\t<div class=\"elementor-spacer\">\n\t\t\t<div class=\"elementor-spacer-inner\"><\/div>\n\t\t<\/div>\n\t\t\t\t\t\t<\/div>\n\t\t\t\t<\/div>\n\t\t\t\t\t<\/div>\n\t\t<\/div>\n\t\t\t\t\t<\/div>\n\t\t<\/section>\n\t\t\t\t<\/div>\n\t\t","protected":false},"excerpt":{"rendered":"<p>Il nostro appartamento ha una storia davvero affascinante Nel 1954 nel nostro appartamento fu girato \u201cCento Serenate\u201d, una graziosa commedia romantica con sfondo Amalfi. Il film racconta la storia di Dick Nelson, un industriale americano [&hellip;]<\/p>\n","protected":false},"author":1,"featured_media":652,"parent":0,"menu_order":0,"comment_status":"closed","ping_status":"closed","template":"templates\/template-fullwidth-narrow.php","meta":{"footnotes":""},"class_list":["post-805","page","type-page","status-publish","has-post-thumbnail","hentry"],"yoast_head":"<!-- This site is optimized with the Yoast SEO plugin v27.4 - https:\/\/yoast.com\/product\/yoast-seo-wordpress\/ -->\n<title>Cento Serenate \u00e8 un film - Cento Serenate Amalfi<\/title>\n<meta name=\"robots\" content=\"index, follow, max-snippet:-1, max-image-preview:large, max-video-preview:-1\" \/>\n<link rel=\"canonical\" href=\"https:\/\/centoserenate.it\/it\/cento-serenate-e-un-film\/\" \/>\n<meta property=\"og:locale\" content=\"it_IT\" \/>\n<meta property=\"og:type\" content=\"article\" \/>\n<meta property=\"og:title\" content=\"Cento Serenate \u00e8 un film - Cento Serenate Amalfi\" \/>\n<meta property=\"og:description\" content=\"Il nostro appartamento ha una storia davvero affascinante Nel 1954 nel nostro appartamento fu girato \u201cCento Serenate\u201d, una graziosa commedia romantica con sfondo Amalfi. Il film racconta la storia di Dick Nelson, un industriale americano [&hellip;]\" \/>\n<meta property=\"og:url\" content=\"https:\/\/centoserenate.it\/it\/cento-serenate-e-un-film\/\" \/>\n<meta property=\"og:site_name\" content=\"Cento Serenate Amalfi\" \/>\n<meta property=\"article:modified_time\" content=\"2025-09-22T21:17:51+00:00\" \/>\n<meta property=\"og:image\" content=\"https:\/\/centoserenate.it\/wp-content\/uploads\/2025\/08\/cento-serenate-_9.webp\" \/>\n\t<meta property=\"og:image:width\" content=\"1920\" \/>\n\t<meta property=\"og:image:height\" content=\"1280\" \/>\n\t<meta property=\"og:image:type\" content=\"image\/webp\" \/>\n<meta name=\"twitter:card\" content=\"summary_large_image\" \/>\n<meta name=\"twitter:label1\" content=\"Tempo di lettura stimato\" \/>\n\t<meta name=\"twitter:data1\" content=\"1 minuto\" \/>\n<script type=\"application\/ld+json\" class=\"yoast-schema-graph\">{\"@context\":\"https:\\\/\\\/schema.org\",\"@graph\":[{\"@type\":\"WebPage\",\"@id\":\"https:\\\/\\\/centoserenate.it\\\/it\\\/cento-serenate-e-un-film\\\/\",\"url\":\"https:\\\/\\\/centoserenate.it\\\/it\\\/cento-serenate-e-un-film\\\/\",\"name\":\"Cento Serenate \u00e8 un film - Cento Serenate Amalfi\",\"isPartOf\":{\"@id\":\"https:\\\/\\\/centoserenate.it\\\/it\\\/#website\"},\"primaryImageOfPage\":{\"@id\":\"https:\\\/\\\/centoserenate.it\\\/it\\\/cento-serenate-e-un-film\\\/#primaryimage\"},\"image\":{\"@id\":\"https:\\\/\\\/centoserenate.it\\\/it\\\/cento-serenate-e-un-film\\\/#primaryimage\"},\"thumbnailUrl\":\"https:\\\/\\\/centoserenate.it\\\/wp-content\\\/uploads\\\/2025\\\/08\\\/cento-serenate-_9.webp\",\"datePublished\":\"2023-04-11T12:51:32+00:00\",\"dateModified\":\"2025-09-22T21:17:51+00:00\",\"breadcrumb\":{\"@id\":\"https:\\\/\\\/centoserenate.it\\\/it\\\/cento-serenate-e-un-film\\\/#breadcrumb\"},\"inLanguage\":\"it-IT\",\"potentialAction\":[{\"@type\":\"ReadAction\",\"target\":[\"https:\\\/\\\/centoserenate.it\\\/it\\\/cento-serenate-e-un-film\\\/\"]}]},{\"@type\":\"ImageObject\",\"inLanguage\":\"it-IT\",\"@id\":\"https:\\\/\\\/centoserenate.it\\\/it\\\/cento-serenate-e-un-film\\\/#primaryimage\",\"url\":\"https:\\\/\\\/centoserenate.it\\\/wp-content\\\/uploads\\\/2025\\\/08\\\/cento-serenate-_9.webp\",\"contentUrl\":\"https:\\\/\\\/centoserenate.it\\\/wp-content\\\/uploads\\\/2025\\\/08\\\/cento-serenate-_9.webp\",\"width\":1920,\"height\":1280},{\"@type\":\"BreadcrumbList\",\"@id\":\"https:\\\/\\\/centoserenate.it\\\/it\\\/cento-serenate-e-un-film\\\/#breadcrumb\",\"itemListElement\":[{\"@type\":\"ListItem\",\"position\":1,\"name\":\"Home\",\"item\":\"https:\\\/\\\/centoserenate.it\\\/it\\\/home\\\/\"},{\"@type\":\"ListItem\",\"position\":2,\"name\":\"Cento Serenate \u00e8 un film\"}]},{\"@type\":\"WebSite\",\"@id\":\"https:\\\/\\\/centoserenate.it\\\/it\\\/#website\",\"url\":\"https:\\\/\\\/centoserenate.it\\\/it\\\/\",\"name\":\"Cento Serenate Amalfi\",\"description\":\"\",\"publisher\":{\"@id\":\"https:\\\/\\\/centoserenate.it\\\/it\\\/#organization\"},\"potentialAction\":[{\"@type\":\"SearchAction\",\"target\":{\"@type\":\"EntryPoint\",\"urlTemplate\":\"https:\\\/\\\/centoserenate.it\\\/it\\\/?s={search_term_string}\"},\"query-input\":{\"@type\":\"PropertyValueSpecification\",\"valueRequired\":true,\"valueName\":\"search_term_string\"}}],\"inLanguage\":\"it-IT\"},{\"@type\":\"Organization\",\"@id\":\"https:\\\/\\\/centoserenate.it\\\/it\\\/#organization\",\"name\":\"Cento Serenate Amalfi\",\"url\":\"https:\\\/\\\/centoserenate.it\\\/it\\\/\",\"logo\":{\"@type\":\"ImageObject\",\"inLanguage\":\"it-IT\",\"@id\":\"https:\\\/\\\/centoserenate.it\\\/it\\\/#\\\/schema\\\/logo\\\/image\\\/\",\"url\":\"https:\\\/\\\/centoserenate.it\\\/wp-content\\\/uploads\\\/2025\\\/08\\\/logo-centoserenate-web-2.webp\",\"contentUrl\":\"https:\\\/\\\/centoserenate.it\\\/wp-content\\\/uploads\\\/2025\\\/08\\\/logo-centoserenate-web-2.webp\",\"width\":800,\"height\":349,\"caption\":\"Cento Serenate Amalfi\"},\"image\":{\"@id\":\"https:\\\/\\\/centoserenate.it\\\/it\\\/#\\\/schema\\\/logo\\\/image\\\/\"}}]}<\/script>\n<!-- \/ Yoast SEO plugin. -->","yoast_head_json":{"title":"Cento Serenate \u00e8 un film - Cento Serenate Amalfi","robots":{"index":"index","follow":"follow","max-snippet":"max-snippet:-1","max-image-preview":"max-image-preview:large","max-video-preview":"max-video-preview:-1"},"canonical":"https:\/\/centoserenate.it\/it\/cento-serenate-e-un-film\/","og_locale":"it_IT","og_type":"article","og_title":"Cento Serenate \u00e8 un film - Cento Serenate Amalfi","og_description":"Il nostro appartamento ha una storia davvero affascinante Nel 1954 nel nostro appartamento fu girato \u201cCento Serenate\u201d, una graziosa commedia romantica con sfondo Amalfi. Il film racconta la storia di Dick Nelson, un industriale americano [&hellip;]","og_url":"https:\/\/centoserenate.it\/it\/cento-serenate-e-un-film\/","og_site_name":"Cento Serenate Amalfi","article_modified_time":"2025-09-22T21:17:51+00:00","og_image":[{"width":1920,"height":1280,"url":"https:\/\/centoserenate.it\/wp-content\/uploads\/2025\/08\/cento-serenate-_9.webp","type":"image\/webp"}],"twitter_card":"summary_large_image","twitter_misc":{"Tempo di lettura stimato":"1 minuto"},"schema":{"@context":"https:\/\/schema.org","@graph":[{"@type":"WebPage","@id":"https:\/\/centoserenate.it\/it\/cento-serenate-e-un-film\/","url":"https:\/\/centoserenate.it\/it\/cento-serenate-e-un-film\/","name":"Cento Serenate \u00e8 un film - Cento Serenate Amalfi","isPartOf":{"@id":"https:\/\/centoserenate.it\/it\/#website"},"primaryImageOfPage":{"@id":"https:\/\/centoserenate.it\/it\/cento-serenate-e-un-film\/#primaryimage"},"image":{"@id":"https:\/\/centoserenate.it\/it\/cento-serenate-e-un-film\/#primaryimage"},"thumbnailUrl":"https:\/\/centoserenate.it\/wp-content\/uploads\/2025\/08\/cento-serenate-_9.webp","datePublished":"2023-04-11T12:51:32+00:00","dateModified":"2025-09-22T21:17:51+00:00","breadcrumb":{"@id":"https:\/\/centoserenate.it\/it\/cento-serenate-e-un-film\/#breadcrumb"},"inLanguage":"it-IT","potentialAction":[{"@type":"ReadAction","target":["https:\/\/centoserenate.it\/it\/cento-serenate-e-un-film\/"]}]},{"@type":"ImageObject","inLanguage":"it-IT","@id":"https:\/\/centoserenate.it\/it\/cento-serenate-e-un-film\/#primaryimage","url":"https:\/\/centoserenate.it\/wp-content\/uploads\/2025\/08\/cento-serenate-_9.webp","contentUrl":"https:\/\/centoserenate.it\/wp-content\/uploads\/2025\/08\/cento-serenate-_9.webp","width":1920,"height":1280},{"@type":"BreadcrumbList","@id":"https:\/\/centoserenate.it\/it\/cento-serenate-e-un-film\/#breadcrumb","itemListElement":[{"@type":"ListItem","position":1,"name":"Home","item":"https:\/\/centoserenate.it\/it\/home\/"},{"@type":"ListItem","position":2,"name":"Cento Serenate \u00e8 un film"}]},{"@type":"WebSite","@id":"https:\/\/centoserenate.it\/it\/#website","url":"https:\/\/centoserenate.it\/it\/","name":"Cento Serenate Amalfi","description":"","publisher":{"@id":"https:\/\/centoserenate.it\/it\/#organization"},"potentialAction":[{"@type":"SearchAction","target":{"@type":"EntryPoint","urlTemplate":"https:\/\/centoserenate.it\/it\/?s={search_term_string}"},"query-input":{"@type":"PropertyValueSpecification","valueRequired":true,"valueName":"search_term_string"}}],"inLanguage":"it-IT"},{"@type":"Organization","@id":"https:\/\/centoserenate.it\/it\/#organization","name":"Cento Serenate Amalfi","url":"https:\/\/centoserenate.it\/it\/","logo":{"@type":"ImageObject","inLanguage":"it-IT","@id":"https:\/\/centoserenate.it\/it\/#\/schema\/logo\/image\/","url":"https:\/\/centoserenate.it\/wp-content\/uploads\/2025\/08\/logo-centoserenate-web-2.webp","contentUrl":"https:\/\/centoserenate.it\/wp-content\/uploads\/2025\/08\/logo-centoserenate-web-2.webp","width":800,"height":349,"caption":"Cento Serenate Amalfi"},"image":{"@id":"https:\/\/centoserenate.it\/it\/#\/schema\/logo\/image\/"}}]}},"_links":{"self":[{"href":"https:\/\/centoserenate.it\/it\/wp-json\/wp\/v2\/pages\/805","targetHints":{"allow":["GET"]}}],"collection":[{"href":"https:\/\/centoserenate.it\/it\/wp-json\/wp\/v2\/pages"}],"about":[{"href":"https:\/\/centoserenate.it\/it\/wp-json\/wp\/v2\/types\/page"}],"author":[{"embeddable":true,"href":"https:\/\/centoserenate.it\/it\/wp-json\/wp\/v2\/users\/1"}],"replies":[{"embeddable":true,"href":"https:\/\/centoserenate.it\/it\/wp-json\/wp\/v2\/comments?post=805"}],"version-history":[{"count":2,"href":"https:\/\/centoserenate.it\/it\/wp-json\/wp\/v2\/pages\/805\/revisions"}],"predecessor-version":[{"id":807,"href":"https:\/\/centoserenate.it\/it\/wp-json\/wp\/v2\/pages\/805\/revisions\/807"}],"wp:featuredmedia":[{"embeddable":true,"href":"https:\/\/centoserenate.it\/it\/wp-json\/wp\/v2\/media\/652"}],"wp:attachment":[{"href":"https:\/\/centoserenate.it\/it\/wp-json\/wp\/v2\/media?parent=805"}],"curies":[{"name":"wp","href":"https:\/\/api.w.org\/{rel}","templated":true}]}}