{"id":961,"date":"2025-01-09T15:08:01","date_gmt":"2025-01-09T15:08:01","guid":{"rendered":"https:\/\/centoserenate.it\/?page_id=961"},"modified":"2025-10-15T15:40:19","modified_gmt":"2025-10-15T15:40:19","slug":"privacy-cookie-policy","status":"publish","type":"page","link":"https:\/\/centoserenate.it\/es\/privacy-cookie-policy\/","title":{"rendered":"Privacy &#038; Cookie Policy"},"content":{"rendered":"<p>En esta p\u00e1gina se describen las modalidades de gesti\u00f3n del sitio web en lo que respecta al tratamiento de los datos personales de los usuarios que lo consultan.<br \/>\nSe trata de una nota informativa facilitada de conformidad con el Reglamento UE 2016\/679, de 27 de abril de 2016 (RGPD) y del art. 13 del Decreto Legislativo n.\u00ba 196\/2003 &#8211; C\u00f3digo en materia de protecci\u00f3n de datos personales &#8211; a quienes interact\u00faan con los servicios web de <strong>Cento Serenate Amalfi<\/strong>, accesibles por v\u00eda telem\u00e1tica desde las direcciones:<\/p>\n<p><strong><a href=\"https:\/\/centoserenate.com\" target=\"_blank\" rel=\"noopener\">https:\/\/centoserenate.com<\/a><\/strong><\/p>\n<p><strong><a href=\"https:\/\/centoserenate.it\/it\/\" target=\"_blank\" rel=\"noopener\">https:\/\/centoserenate.it<\/a><\/strong><\/p>\n<p>correspondientes a las p\u00e1ginas iniciales del sitio web propiedad de <strong>La Bottega del Limone S.r.l.<\/strong><\/p>\n<p>La informaci\u00f3n se proporciona \u00fanicamente para los sitios web mencionados anteriormente y no para otros sitios web que el usuario pueda consultar a trav\u00e9s de enlaces.<\/p>\n<h2>EL \u00abTITULAR\u00bb DEL TRATAMIENTO<\/h2>\n<p>El responsable del tratamiento es <strong>La Bottega del Limone S.r.l.<\/strong>, con sede en <strong>Via Lorenzo D&#8217;Amalfi, 13 84011 Amalfi (SA).<\/strong><\/p>\n<h2>PERSONAS ENCARGADAS DE LA TRAMITACI\u00d3N<\/h2>\n<p>La lista completa y actualizada de las personas encargadas designadas puede solicitarse a nuestra oficina.<\/p>\n<h2>TIPOS DE DATOS TRATADOS<\/h2>\n<h3>Datos de navegaci\u00f3n<\/h3>\n<p>Los sistemas inform\u00e1ticos y los procedimientos de software utilizados para el funcionamiento de este sitio web adquieren, durante su funcionamiento normal, algunos datos personales cuya transmisi\u00f3n est\u00e1 impl\u00edcita en el uso de los protocolos de comunicaci\u00f3n de Internet. Se trata de informaci\u00f3n que no se recoge para ser asociada a interesados identificados, sino que por su propia naturaleza podr\u00eda, mediante elaboraciones y asociaciones con datos en poder de terceros, permitir identificar a los usuarios. En esta categor\u00eda de datos se incluyen las direcciones IP o los nombres de dominio de los ordenadores utilizados por los usuarios que se conectan al sitio, las direcciones en notaci\u00f3n URI (Uniform Resource Identifier) de los recursos solicitados, la hora de la solicitud, el m\u00e9todo utilizado para enviar la solicitud al servidor, el tama\u00f1o del archivo obtenido como respuesta, el c\u00f3digo num\u00e9rico que indica el estado de la respuesta dada por el servidor (correcto, error, etc.) y otros par\u00e1metros relativos al sistema operativo y al entorno inform\u00e1tico del usuario. Estos datos se utilizan con el \u00fanico fin de obtener informaci\u00f3n estad\u00edstica an\u00f3nima sobre el uso del sitio y comprobar su correcto funcionamiento. Los datos podr\u00edan utilizarse para determinar responsabilidades en caso de hipot\u00e9ticos delitos inform\u00e1ticos en perjuicio del sitio.<\/p>\n<h3>Datos comunicados voluntariamente por el usuario<\/h3>\n<p>A excepci\u00f3n de lo que se ha dicho acerca de los datos de navegaci\u00f3n y las cookies utilizadas en el sitio web de <strong>Cento Serenate Amalfi<\/strong>, usted es siempre libre de proporcionar sus datos personales.<br \/>\nLa solicitud de informaci\u00f3n y\/o presupuestos implica la adquisici\u00f3n de sus datos de contacto, necesarios para responder, as\u00ed como cualquier dato personal incluido en las comunicaciones.<br \/>\nTodos los datos personales recogidos ser\u00e1n tratados de conformidad con el art\u00edculo 6 del GDPR.<br \/>\nDichos datos recogidos por el Responsable a efectos de la eventual prestaci\u00f3n del servicio incluyen:<br \/>\n&#8211; datos personales y de contacto, tales como: nombre, apellidos, direcci\u00f3n, n\u00famero de tel\u00e9fono, correo electr\u00f3nico y otros datos de contacto;<br \/>\n&#8211; datos fiscales;<br \/>\n&#8211; cualquier otro dato que considere oportuno.<br \/>\nPara la compra de servicios ofrecidos a trav\u00e9s de nuestro sitio web, el suministro de datos es indispensable y obligatorio para la conclusi\u00f3n del pedido.<br \/>\nLas interacciones con terceros procesadores de pagos se rigen por la pol\u00edtica de privacidad de la organizaci\u00f3n que los proporciona.<\/p>\n<h2>COMUNICACI\u00d3N Y DIFUSI\u00d3N DE DATOS<\/h2>\n<p>Los datos personales facilitados por usted se utilizan exclusivamente para la realizaci\u00f3n del servicio o prestaci\u00f3n solicitados y no se comunican a terceros, salvo en los siguientes posibles casos<br \/>\n&#8211; proveedores independientes que podr\u00e1n tratar los Datos Personales necesarios para llevar a cabo las funciones que les han sido encomendadas, pero no podr\u00e1n utilizarlos para otros fines, respetando las garant\u00edas previstas por la ley;<br \/>\n&#8211; personas, empresas o despachos profesionales que presten asistencia y consultor\u00eda en materia contable, administrativa, jur\u00eddica, fiscal, financiera y t\u00e9cnica;<br \/>\n&#8211; personas cuyo derecho de acceso a los datos est\u00e9 reconocido por ley o por orden de las autoridades.<br \/>\nLos servicios de pago se conf\u00edan a terceros proveedores, a los que usted comunicar\u00e1 sus datos, incluidos datos personales y datos de tarjetas de cr\u00e9dito, que actuar\u00e1n como responsables aut\u00f3nomos del tratamiento para prestar servicios de pago de conformidad con la normativa aplicable y las normas internacionales de seguridad.<br \/>\nEl tratamiento relacionado con los servicios web est\u00e1 a cargo \u00fanicamente del personal t\u00e9cnico encargado del tratamiento, o de personas encargadas de operaciones ocasionales de mantenimiento. Ning\u00fan dato derivado del servicio web se comunica o divulga a terceros.<\/p>\n<h2>ALMACENAMIENTO DE LOS DATOS RECOGIDOS<\/h2>\n<p>Los datos personales ser\u00e1n tratados en soporte papel o inform\u00e1tico durante el tiempo necesario para alcanzar los fines para los que fueron recogidos o, en cualquier caso, durante el tiempo necesario para conocer, ejercitar y defender ante los tribunales nuestros derechos y los derechos de los usuarios.<\/p>\n<h2>PROTECCI\u00d3N DE DATOS<\/h2>\n<p>Nos comprometemos a proteger los datos personales de nuestros usuarios. Por este motivo, hemos establecido y adoptamos las medidas t\u00e9cnicas y organizativas adecuadas para garantizar la seguridad de los datos personales facilitados.<br \/>\nEn particular<br \/>\n&#8211; comprobamos nuestras pr\u00e1cticas de adquisici\u00f3n, almacenamiento y actividades de tratamiento de datos, incluidas las medidas de seguridad f\u00edsica, para evitar el acceso no autorizado a los sistemas;<br \/>\n&#8211; utilizamos tecnolog\u00edas de encriptaci\u00f3n, cuando procede;<br \/>\n&#8211; utilizamos medidas de protecci\u00f3n mediante contrase\u00f1a, cuando procede;<br \/>\n&#8211; restringimos el acceso a los Datos Personales a aquellos empleados y contratistas que necesitan acceder a dichos datos para procesarlos en nuestro nombre y bajo estrictas obligaciones contractuales de confidencialidad.<\/p>\n<h2>POL\u00cdTICA DE COOKIES<\/h2>\n<h3>Bolet\u00edn de Estesa<\/h3>\n<p>El sitio web de <strong>Cento Serenate Amalfi<\/strong> utiliza cookies y\/o tecnolog\u00edas similares para garantizar el correcto funcionamiento de los procedimientos y una mejor experiencia al utilizar las aplicaciones en l\u00ednea. En esta p\u00e1gina proporcionamos informaci\u00f3n detallada sobre el uso de cookies y tecnolog\u00edas asimiladas, c\u00f3mo se utilizan y c\u00f3mo gestionarlas, en cumplimiento de la reciente legislaci\u00f3n italiana y europea relativa a las obligaciones de informaci\u00f3n y protecci\u00f3n de los usuarios de sitios web.<br \/>\nEn concreto, le informamos de que el sitio no utiliza ni utilizar\u00e1 nunca cookies de seguimiento o de elaboraci\u00f3n de perfiles, sino s\u00f3lo las estrictamente necesarias para el funcionamiento y el an\u00e1lisis estructurado de las prestaciones y del tr\u00e1fico.<\/p>\n<h3>Definiciones<\/h3>\n<p>Las cookies son cadenas cortas de texto (letras y\/o n\u00fameros) que permiten al servidor web almacenar informaci\u00f3n sobre el cliente (el navegador) para reutilizarla durante la misma visita al sitio (cookies de sesi\u00f3n) o posteriormente, incluso d\u00edas despu\u00e9s (cookies persistentes). Las cookies son almacenadas, seg\u00fan las preferencias del usuario, por el navegador individual en el dispositivo espec\u00edfico utilizado (ordenador, tableta, smartphone).<\/p>\n<h3>Tipos de cookies<\/h3>\n<p>En funci\u00f3n de las caracter\u00edsticas y el uso de las cookies, podemos distinguir diferentes categor\u00edas:<\/p>\n<h3>Cookies estrictamente necesarias<\/h3>\n<p>Estas cookies son indispensables para el correcto funcionamiento del sitio <strong>Cento Serenate Amalfi<\/strong> y se utilizan para gestionar el login y el acceso a las funciones reservadas del sitio. La duraci\u00f3n de las cookies se limita estrictamente a la sesi\u00f3n de trabajo (al cerrar el navegador se borran).<\/p>\n<h3>Cookies de an\u00e1lisis y rendimiento<\/h3>\n<p>Sono cookie utilizzati per raccogliere e analizzare il traffico e l\u2019utilizzo del sito in modo anonimo. Questi cookie, pur senza identificare l\u2019utente, consentono, per esempio, di rilevare se il medesimo utente torna a collegarsi in momenti diversi. Permettono inoltre di monitorare il sistema e migliorarne le prestazioni e l\u2019usabilit\u00e0. La disattivazione di tali cookie pu\u00f2 essere eseguita senza alcuna perdita di funzionalit\u00e0.<\/p>\n<h3>Cookies de perfiles<\/h3>\n<p>Se trata de cookies persistentes utilizadas para identificar (de forma an\u00f3nima y no an\u00f3nima) sus preferencias y mejorar su experiencia de navegaci\u00f3n. El sitio web de <strong>Cento Serenate Amalfi<\/strong> no utiliza cookies de este tipo.<br \/>\nLas cookies utilizadas en nuestro sitio pueden consultarse a trav\u00e9s del bot\u00f3n &#8220;Personalizar&#8221; accesible en el banner de cookies del sitio.<br \/>\nPara acceder al banner de cookies despu\u00e9s de haber guardado sus preferencias sobre el uso de cookies, puede utilizar el bot\u00f3n &#8220;Configuraci\u00f3n de cookies&#8221; situado en la parte inferior de cada p\u00e1gina.<\/p>\n<h3>Cookies de terceros<\/h3>\n<p>Al visitar un sitio web, es posible que reciba cookies del sitio que est\u00e1 visitando (&#8220;cookies propias&#8221;) o de sitios gestionados por otras organizaciones (&#8220;cookies de terceros&#8221;).<\/p>\n<h3>Google Analytics<\/h3>\n<p>El sitio web de <strong>Cento Serenate Amalfi<\/strong> tambi\u00e9n incluye componentes transmitidos por Google Analytics, un servicio de an\u00e1lisis del tr\u00e1fico web prestado por Google, Inc. (&#8220;Google&#8221;). Una vez m\u00e1s, se trata de cookies de terceros recopiladas y gestionadas de forma an\u00f3nima para supervisar y mejorar el rendimiento del sitio anfitri\u00f3n (las denominadas cookies de rendimiento). En este sitio, la cookie de Google Analytics se ha convertido en an\u00f3nima para equipararla a las cookies t\u00e9cnicas. Con el uso de cookies de Google Analytics con IP anonimizada, de hecho, toda la informaci\u00f3n es recogida por Google Analytics en forma agregada.<br \/>\nPara m\u00e1s informaci\u00f3n, consulte el siguiente enlace:<\/p>\n<p><strong><a href=\"https:\/\/www.google.it\/policies\/privacy\/partners\/\">https:\/\/www.google.it\/policies\/privacy\/partners\/<\/a><\/strong><\/p>\n<p>El usuario puede inhabilitar selectivamente la acci\u00f3n de Google Analytics mediante la configuraci\u00f3n de cookies (v\u00e9ase Gesti\u00f3n de cookies). Alternativamente, puede instalar el componente de inhabilitaci\u00f3n proporcionado por Google en su navegador y descargable en el siguiente enlace:<\/p>\n<p><a href=\"https:\/\/tools.google.com\/dlpage\/gaoptout\"><strong>https:\/\/tools.google.com\/dlpage\/gaoptout<\/strong><\/a><\/p>\n<h3>Duraci\u00f3n de las cookies<\/h3>\n<p>Algunas cookies (cookies de sesi\u00f3n) permanecen activas s\u00f3lo hasta que se cierra el navegador o se ejecuta el comando de cierre de sesi\u00f3n. Otras cookies &#8220;sobreviven&#8221; cuando se cierra el navegador y est\u00e1n disponibles en posteriores visitas del usuario.<br \/>\nEstas cookies se denominan persistentes y su duraci\u00f3n es fijada por el servidor en el momento de su creaci\u00f3n. En algunos casos se fija una fecha de caducidad, en otros la duraci\u00f3n es ilimitada.<br \/>\nNo obstante, al navegar por las p\u00e1ginas del sitio web de<strong> Cento Serenate Amalfi<\/strong>, el usuario puede interactuar con sitios gestionados por terceros que pueden crear o modificar cookies persistentes y de elaboraci\u00f3n de perfiles.<\/p>\n<h3>Gesti\u00f3n de cookies<\/h3>\n<p>Puede decidir si acepta o no las cookies utilizando la configuraci\u00f3n de cookies del sitio, que puede modificarse mediante el bot\u00f3n &#8220;Configuraci\u00f3n de cookies&#8221; situado en el pie de p\u00e1gina del sitio.<br \/>\nAtenci\u00f3n: la desactivaci\u00f3n total o parcial de las cookies t\u00e9cnicas puede afectar al uso de las funcionalidades del sitio reservadas a los usuarios registrados. Por el contrario, la utilizaci\u00f3n de los contenidos p\u00fablicos tambi\u00e9n es posible deshabilitando totalmente las cookies. La desactivaci\u00f3n de las cookies de &#8220;terceros&#8221; no afecta en modo alguno a la navegabilidad.<br \/>\nPuede consultar una lista actualizada con instrucciones sobre c\u00f3mo gestionar las cookies en los navegadores m\u00e1s utilizados en la p\u00e1gina<\/p>\n<p><a href=\"https:\/\/kb.amalfiweb.it\/ikb\/gestione-cookie-nei-browser\/\">https:\/\/kb.amalfiweb.it\/ikb\/gestione-cookie-nei-browser\/<\/a><strong>.<\/strong><\/p>\n<h2>M\u00c9TODOS DE TRATAMIENTO<\/h2>\n<p>Los datos personales se procesan mediante herramientas automatizadas. Se observan medidas de seguridad espec\u00edficas para evitar la p\u00e9rdida de datos, usos il\u00edcitos o incorrectos y accesos no autorizados.<\/p>\n<h2>DERECHOS DE LOS INTERESADOS<\/h2>\n<p>Los derechos garantizados por la Normativa Aplicable podr\u00e1n ejercerse poni\u00e9ndose en contacto con el Responsable del Tratamiento, por correo certificado con acuse de recibo en el domicilio social de <strong>Cento Serenate Amalfi<\/strong> o enviando un correo electr\u00f3nico a la siguiente direcci\u00f3n <strong>info@centoserenate.it<\/strong>.<\/p>\n<p>De conformidad con la legislaci\u00f3n aplicable, le informamos de que tiene derecho a obtener informaci\u00f3n sobre<br \/>\n1. el origen de sus datos personales<br \/>\n2. las finalidades y modalidades del tratamiento<br \/>\n3. la l\u00f3gica aplicada en caso de tratamiento efectuado con la ayuda de instrumentos electr\u00f3nicos<br \/>\n4. los datos de identificaci\u00f3n del responsable y de los encargados del tratamiento<br \/>\n5. los sujetos o categor\u00edas de sujetos a los que se pueden comunicar los datos personales o que pueden llegar a conocerlos en calidad de responsables o encargados.<\/p>\n<p>Adem\u00e1s, tiene derecho a obtener<br \/>\n(a) el acceso, la actualizaci\u00f3n, la rectificaci\u00f3n o, en su caso, la integraci\u00f3n de los datos<br \/>\nb) la cancelaci\u00f3n, la transformaci\u00f3n en forma an\u00f3nima o el bloqueo de los datos tratados de forma il\u00edcita, incluidos aquellos cuya conservaci\u00f3n no sea necesaria en relaci\u00f3n con los fines para los que fueron recogidos o sucesivamente tratados<br \/>\nc) la certificaci\u00f3n de que las operaciones indicadas en las letras a) y b) han sido notificadas, tambi\u00e9n en lo que se refiere a su contenido, a los sujetos a los que los datos han sido comunicados o difundidos, a menos que tal exigencia resulte imposible o comporte un empleo de medios manifiestamente desproporcionado respecto al derecho que se pretende tutelar.<\/p>\n<p>Adem\u00e1s, usted tiene:<br \/>\n(a) derecho a retirar su consentimiento, en cualquier momento, si ha consentido el tratamiento de sus datos personales con fines comerciales y de marketing;<br \/>\nb) cuando proceda, el derecho a la portabilidad de los datos (derecho a recibir todos los datos personales que le conciernan en un formato estructurado, de uso com\u00fan y lectura mec\u00e1nica), el derecho a la limitaci\u00f3n del tratamiento de los datos personales y el derecho a la supresi\u00f3n (&#8220;derecho al olvido&#8221;)<br \/>\nc) derecho a oponerse, total o parcialmente, por motivos relacionados con su situaci\u00f3n personal, al tratamiento de los datos personales que le conciernan, aunque sean pertinentes para la finalidad de la recogida, as\u00ed como a oponerse, en cualquier momento, al tratamiento de datos con fines de mercadotecnia, o a oponerse \u00fanicamente en relaci\u00f3n con determinadas modalidades<br \/>\nd) si considera que el tratamiento de datos personales efectuado por el Responsable infringe el Reglamento, tiene derecho a presentar una reclamaci\u00f3n ante una Autoridad de Control (en el Estado miembro en el que reside habitualmente, en el Estado miembro en el que trabaja o en el Estado miembro en el que se ha producido la presunta infracci\u00f3n). La Autoridad de Control italiana es el Garante per la protezione dei dati personali, con sede en Piazza di Monte Citorio n. 121, 00186 &#8211; Roma (<strong>http:\/\/www.garanteprivacy.it\/<\/strong>).<\/p>\n","protected":false},"excerpt":{"rendered":"<p>En esta p\u00e1gina se describen las modalidades de gesti\u00f3n del sitio web en lo que respecta al tratamiento de los datos personales de los usuarios que lo consultan. Se trata de una nota informativa facilitada [&hellip;]<\/p>\n","protected":false},"author":1,"featured_media":0,"parent":0,"menu_order":0,"comment_status":"closed","ping_status":"closed","template":"","meta":{"footnotes":""},"class_list":["post-961","page","type-page","status-publish","hentry"],"yoast_head":"<!-- This site is optimized with the Yoast SEO plugin v27.4 - https:\/\/yoast.com\/product\/yoast-seo-wordpress\/ -->\n<title>Privacy &amp; Cookie Policy - Cento Serenate Amalfi<\/title>\n<meta name=\"robots\" content=\"index, follow, max-snippet:-1, max-image-preview:large, max-video-preview:-1\" \/>\n<link rel=\"canonical\" href=\"https:\/\/centoserenate.it\/es\/privacy-cookie-policy\/\" \/>\n<meta property=\"og:locale\" content=\"es_ES\" \/>\n<meta property=\"og:type\" content=\"article\" \/>\n<meta property=\"og:title\" content=\"Privacy &amp; Cookie Policy - Cento Serenate Amalfi\" \/>\n<meta property=\"og:description\" content=\"En esta p\u00e1gina se describen las modalidades de gesti\u00f3n del sitio web en lo que respecta al tratamiento de los datos personales de los usuarios que lo consultan. Se trata de una nota informativa facilitada [&hellip;]\" \/>\n<meta property=\"og:url\" content=\"https:\/\/centoserenate.it\/es\/privacy-cookie-policy\/\" \/>\n<meta property=\"og:site_name\" content=\"Cento Serenate Amalfi\" \/>\n<meta property=\"article:modified_time\" content=\"2025-10-15T15:40:19+00:00\" \/>\n<meta name=\"twitter:card\" content=\"summary_large_image\" \/>\n<meta name=\"twitter:label1\" content=\"Tiempo de lectura\" \/>\n\t<meta name=\"twitter:data1\" content=\"10 minutos\" \/>\n<script type=\"application\/ld+json\" class=\"yoast-schema-graph\">{\"@context\":\"https:\\\/\\\/schema.org\",\"@graph\":[{\"@type\":\"WebPage\",\"@id\":\"https:\\\/\\\/centoserenate.it\\\/es\\\/privacy-cookie-policy\\\/\",\"url\":\"https:\\\/\\\/centoserenate.it\\\/es\\\/privacy-cookie-policy\\\/\",\"name\":\"Privacy & Cookie Policy - Cento Serenate Amalfi\",\"isPartOf\":{\"@id\":\"https:\\\/\\\/centoserenate.it\\\/es\\\/#website\"},\"datePublished\":\"2025-01-09T15:08:01+00:00\",\"dateModified\":\"2025-10-15T15:40:19+00:00\",\"breadcrumb\":{\"@id\":\"https:\\\/\\\/centoserenate.it\\\/es\\\/privacy-cookie-policy\\\/#breadcrumb\"},\"inLanguage\":\"es\",\"potentialAction\":[{\"@type\":\"ReadAction\",\"target\":[\"https:\\\/\\\/centoserenate.it\\\/es\\\/privacy-cookie-policy\\\/\"]}]},{\"@type\":\"BreadcrumbList\",\"@id\":\"https:\\\/\\\/centoserenate.it\\\/es\\\/privacy-cookie-policy\\\/#breadcrumb\",\"itemListElement\":[{\"@type\":\"ListItem\",\"position\":1,\"name\":\"Home\",\"item\":\"https:\\\/\\\/centoserenate.it\\\/es\\\/home-sp\\\/\"},{\"@type\":\"ListItem\",\"position\":2,\"name\":\"Privacy &#038; Cookie Policy\"}]},{\"@type\":\"WebSite\",\"@id\":\"https:\\\/\\\/centoserenate.it\\\/es\\\/#website\",\"url\":\"https:\\\/\\\/centoserenate.it\\\/es\\\/\",\"name\":\"Cento Serenate Amalfi\",\"description\":\"\",\"publisher\":{\"@id\":\"https:\\\/\\\/centoserenate.it\\\/es\\\/#organization\"},\"potentialAction\":[{\"@type\":\"SearchAction\",\"target\":{\"@type\":\"EntryPoint\",\"urlTemplate\":\"https:\\\/\\\/centoserenate.it\\\/es\\\/?s={search_term_string}\"},\"query-input\":{\"@type\":\"PropertyValueSpecification\",\"valueRequired\":true,\"valueName\":\"search_term_string\"}}],\"inLanguage\":\"es\"},{\"@type\":\"Organization\",\"@id\":\"https:\\\/\\\/centoserenate.it\\\/es\\\/#organization\",\"name\":\"Cento Serenate Amalfi\",\"url\":\"https:\\\/\\\/centoserenate.it\\\/es\\\/\",\"logo\":{\"@type\":\"ImageObject\",\"inLanguage\":\"es\",\"@id\":\"https:\\\/\\\/centoserenate.it\\\/es\\\/#\\\/schema\\\/logo\\\/image\\\/\",\"url\":\"https:\\\/\\\/centoserenate.it\\\/wp-content\\\/uploads\\\/2025\\\/08\\\/logo-centoserenate-web-2.webp\",\"contentUrl\":\"https:\\\/\\\/centoserenate.it\\\/wp-content\\\/uploads\\\/2025\\\/08\\\/logo-centoserenate-web-2.webp\",\"width\":800,\"height\":349,\"caption\":\"Cento Serenate Amalfi\"},\"image\":{\"@id\":\"https:\\\/\\\/centoserenate.it\\\/es\\\/#\\\/schema\\\/logo\\\/image\\\/\"}}]}<\/script>\n<!-- \/ Yoast SEO plugin. -->","yoast_head_json":{"title":"Privacy & Cookie Policy - Cento Serenate Amalfi","robots":{"index":"index","follow":"follow","max-snippet":"max-snippet:-1","max-image-preview":"max-image-preview:large","max-video-preview":"max-video-preview:-1"},"canonical":"https:\/\/centoserenate.it\/es\/privacy-cookie-policy\/","og_locale":"es_ES","og_type":"article","og_title":"Privacy & Cookie Policy - Cento Serenate Amalfi","og_description":"En esta p\u00e1gina se describen las modalidades de gesti\u00f3n del sitio web en lo que respecta al tratamiento de los datos personales de los usuarios que lo consultan. Se trata de una nota informativa facilitada [&hellip;]","og_url":"https:\/\/centoserenate.it\/es\/privacy-cookie-policy\/","og_site_name":"Cento Serenate Amalfi","article_modified_time":"2025-10-15T15:40:19+00:00","twitter_card":"summary_large_image","twitter_misc":{"Tiempo de lectura":"10 minutos"},"schema":{"@context":"https:\/\/schema.org","@graph":[{"@type":"WebPage","@id":"https:\/\/centoserenate.it\/es\/privacy-cookie-policy\/","url":"https:\/\/centoserenate.it\/es\/privacy-cookie-policy\/","name":"Privacy & Cookie Policy - Cento Serenate Amalfi","isPartOf":{"@id":"https:\/\/centoserenate.it\/es\/#website"},"datePublished":"2025-01-09T15:08:01+00:00","dateModified":"2025-10-15T15:40:19+00:00","breadcrumb":{"@id":"https:\/\/centoserenate.it\/es\/privacy-cookie-policy\/#breadcrumb"},"inLanguage":"es","potentialAction":[{"@type":"ReadAction","target":["https:\/\/centoserenate.it\/es\/privacy-cookie-policy\/"]}]},{"@type":"BreadcrumbList","@id":"https:\/\/centoserenate.it\/es\/privacy-cookie-policy\/#breadcrumb","itemListElement":[{"@type":"ListItem","position":1,"name":"Home","item":"https:\/\/centoserenate.it\/es\/home-sp\/"},{"@type":"ListItem","position":2,"name":"Privacy &#038; Cookie Policy"}]},{"@type":"WebSite","@id":"https:\/\/centoserenate.it\/es\/#website","url":"https:\/\/centoserenate.it\/es\/","name":"Cento Serenate Amalfi","description":"","publisher":{"@id":"https:\/\/centoserenate.it\/es\/#organization"},"potentialAction":[{"@type":"SearchAction","target":{"@type":"EntryPoint","urlTemplate":"https:\/\/centoserenate.it\/es\/?s={search_term_string}"},"query-input":{"@type":"PropertyValueSpecification","valueRequired":true,"valueName":"search_term_string"}}],"inLanguage":"es"},{"@type":"Organization","@id":"https:\/\/centoserenate.it\/es\/#organization","name":"Cento Serenate Amalfi","url":"https:\/\/centoserenate.it\/es\/","logo":{"@type":"ImageObject","inLanguage":"es","@id":"https:\/\/centoserenate.it\/es\/#\/schema\/logo\/image\/","url":"https:\/\/centoserenate.it\/wp-content\/uploads\/2025\/08\/logo-centoserenate-web-2.webp","contentUrl":"https:\/\/centoserenate.it\/wp-content\/uploads\/2025\/08\/logo-centoserenate-web-2.webp","width":800,"height":349,"caption":"Cento Serenate Amalfi"},"image":{"@id":"https:\/\/centoserenate.it\/es\/#\/schema\/logo\/image\/"}}]}},"_links":{"self":[{"href":"https:\/\/centoserenate.it\/es\/wp-json\/wp\/v2\/pages\/961","targetHints":{"allow":["GET"]}}],"collection":[{"href":"https:\/\/centoserenate.it\/es\/wp-json\/wp\/v2\/pages"}],"about":[{"href":"https:\/\/centoserenate.it\/es\/wp-json\/wp\/v2\/types\/page"}],"author":[{"embeddable":true,"href":"https:\/\/centoserenate.it\/es\/wp-json\/wp\/v2\/users\/1"}],"replies":[{"embeddable":true,"href":"https:\/\/centoserenate.it\/es\/wp-json\/wp\/v2\/comments?post=961"}],"version-history":[{"count":3,"href":"https:\/\/centoserenate.it\/es\/wp-json\/wp\/v2\/pages\/961\/revisions"}],"predecessor-version":[{"id":965,"href":"https:\/\/centoserenate.it\/es\/wp-json\/wp\/v2\/pages\/961\/revisions\/965"}],"wp:attachment":[{"href":"https:\/\/centoserenate.it\/es\/wp-json\/wp\/v2\/media?parent=961"}],"curies":[{"name":"wp","href":"https:\/\/api.w.org\/{rel}","templated":true}]}}