{"id":951,"date":"2025-09-22T15:57:18","date_gmt":"2025-09-22T15:57:18","guid":{"rendered":"https:\/\/centoserenate.it\/reserve-su-plaza-de-aparcamiento\/"},"modified":"2025-10-15T14:25:31","modified_gmt":"2025-10-15T14:25:31","slug":"reserve-su-plaza-de-aparcamiento","status":"publish","type":"page","link":"https:\/\/centoserenate.it\/es\/reserve-su-plaza-de-aparcamiento\/","title":{"rendered":"Reserve su plaza de aparcamiento"},"content":{"rendered":"\t\t<div data-elementor-type=\"wp-page\" data-elementor-id=\"951\" class=\"elementor elementor-951 elementor-703\">\n\t\t\t\t<div class=\"elementor-element elementor-element-45a05c1 e-con-full e-flex e-con e-parent\" data-id=\"45a05c1\" data-element_type=\"container\" data-e-type=\"container\">\n\t\t<div class=\"elementor-element elementor-element-aa0a58b e-con-full e-flex e-con e-child\" data-id=\"aa0a58b\" data-element_type=\"container\" data-e-type=\"container\">\n\t\t\t\t<div class=\"elementor-element elementor-element-c7e3edf elementor-widget elementor-widget-image\" data-id=\"c7e3edf\" data-element_type=\"widget\" data-e-type=\"widget\" data-widget_type=\"image.default\">\n\t\t\t\t<div class=\"elementor-widget-container\">\n\t\t\t\t\t\t\t\t\t\t\t\t\t\t\t\t<a href=\"https:\/\/centoserenate.it\/wp-content\/uploads\/2025\/01\/cento-serenate-balcony_2.webp\" data-elementor-open-lightbox=\"yes\" data-elementor-lightbox-title=\"cento serenate balcony_2\" data-e-action-hash=\"#elementor-action%3Aaction%3Dlightbox%26settings%3DeyJpZCI6OTI3LCJ1cmwiOiJodHRwczpcL1wvY2VudG9zZXJlbmF0ZS5pdFwvd3AtY29udGVudFwvdXBsb2Fkc1wvMjAyNVwvMDFcL2NlbnRvLXNlcmVuYXRlLWJhbGNvbnlfMi53ZWJwIn0%3D\">\n\t\t\t\t\t\t\t<img fetchpriority=\"high\" decoding=\"async\" width=\"1280\" height=\"1920\" src=\"https:\/\/centoserenate.it\/wp-content\/uploads\/2025\/01\/cento-serenate-balcony_2.webp\" class=\"attachment-full size-full wp-image-927\" alt=\"\" srcset=\"https:\/\/centoserenate.it\/wp-content\/uploads\/2025\/01\/cento-serenate-balcony_2.webp 1280w, https:\/\/centoserenate.it\/wp-content\/uploads\/2025\/01\/cento-serenate-balcony_2-200x300.webp 200w, https:\/\/centoserenate.it\/wp-content\/uploads\/2025\/01\/cento-serenate-balcony_2-683x1024.webp 683w, https:\/\/centoserenate.it\/wp-content\/uploads\/2025\/01\/cento-serenate-balcony_2-768x1152.webp 768w, https:\/\/centoserenate.it\/wp-content\/uploads\/2025\/01\/cento-serenate-balcony_2-1024x1536.webp 1024w\" sizes=\"(max-width: 1280px) 100vw, 1280px\" \/>\t\t\t\t\t\t\t\t<\/a>\n\t\t\t\t\t\t\t\t\t\t\t\t\t\t\t<\/div>\n\t\t\t\t<\/div>\n\t\t\t\t<\/div>\n\t\t<div class=\"elementor-element elementor-element-94be3da e-con-full e-flex e-con e-child\" data-id=\"94be3da\" data-element_type=\"container\" data-e-type=\"container\">\n\t\t\t\t<div class=\"elementor-element elementor-element-bb74155 elementor-widget elementor-widget-text-editor\" data-id=\"bb74155\" data-element_type=\"widget\" data-e-type=\"widget\" data-widget_type=\"text-editor.default\">\n\t\t\t\t<div class=\"elementor-widget-container\">\n\t\t\t\t\t\t\t\t\t<p><b>Deje el coche en el aparcamiento privado y rel\u00e1jese.<\/b><\/p><p>Disfrute de sus vacaciones en Amalfi sin preocuparse por el aparcamiento. Si llega en coche, le ofrecemos una plaza en un parking privado muy cercano a nuestro apartamento, donde podr\u00e1 dejar su veh\u00edculo<b> <\/b>por una peque\u00f1a tarifa diaria. Tenga en cuenta que<b> Cento Serenate Amalfi se encuentra en una zona de tr\u00e1fico restringido<\/b>, por lo que no se puede llegar al establecimiento en coche.<\/p><p>Pero no te preocupes: el aparcamiento est\u00e1 muy cerca y el Sr. Luigi estar\u00e1 a tu disposici\u00f3n para ayudarte en lo que necesites.<\/p><p><strong>Para reservar una plaza de aparcamiento, llame a este n\u00famero:<\/strong><strong>\n  <a href=\"tel:+393318744024\">+39 331 874 4024.<\/a>\n<\/strong><\/p>\t\t\t\t\t\t\t\t<\/div>\n\t\t\t\t<\/div>\n\t\t\t\t<\/div>\n\t\t\t\t<\/div>\n\t\t\t\t<\/div>\n\t\t","protected":false},"excerpt":{"rendered":"<p>Deje el coche en el aparcamiento privado y rel\u00e1jese. Disfrute de sus vacaciones en Amalfi sin preocuparse por el aparcamiento. Si llega en coche, le ofrecemos una plaza en un parking privado muy cercano a [&hellip;]<\/p>\n","protected":false},"author":1,"featured_media":914,"parent":0,"menu_order":0,"comment_status":"closed","ping_status":"closed","template":"templates\/template-fullwidth-narrow.php","meta":{"footnotes":""},"class_list":["post-951","page","type-page","status-publish","has-post-thumbnail","hentry"],"yoast_head":"<!-- This site is optimized with the Yoast SEO plugin v27.4 - https:\/\/yoast.com\/product\/yoast-seo-wordpress\/ -->\n<title>Reserve su plaza de aparcamiento - Cento Serenate Amalfi<\/title>\n<meta name=\"robots\" content=\"index, follow, max-snippet:-1, max-image-preview:large, max-video-preview:-1\" \/>\n<link rel=\"canonical\" href=\"https:\/\/centoserenate.it\/es\/reserve-su-plaza-de-aparcamiento\/\" \/>\n<meta property=\"og:locale\" content=\"es_ES\" \/>\n<meta property=\"og:type\" content=\"article\" \/>\n<meta property=\"og:title\" content=\"Reserve su plaza de aparcamiento - Cento Serenate Amalfi\" \/>\n<meta property=\"og:description\" content=\"Deje el coche en el aparcamiento privado y rel\u00e1jese. Disfrute de sus vacaciones en Amalfi sin preocuparse por el aparcamiento. Si llega en coche, le ofrecemos una plaza en un parking privado muy cercano a [&hellip;]\" \/>\n<meta property=\"og:url\" content=\"https:\/\/centoserenate.it\/es\/reserve-su-plaza-de-aparcamiento\/\" \/>\n<meta property=\"og:site_name\" content=\"Cento Serenate Amalfi\" \/>\n<meta property=\"article:modified_time\" content=\"2025-10-15T14:25:31+00:00\" \/>\n<meta property=\"og:image\" content=\"https:\/\/centoserenate.it\/wp-content\/uploads\/2025\/09\/esterni-cento-serenate_6.webp\" \/>\n\t<meta property=\"og:image:width\" content=\"1920\" \/>\n\t<meta property=\"og:image:height\" content=\"1280\" \/>\n\t<meta property=\"og:image:type\" content=\"image\/webp\" \/>\n<meta name=\"twitter:card\" content=\"summary_large_image\" \/>\n<meta name=\"twitter:label1\" content=\"Tiempo de lectura\" \/>\n\t<meta name=\"twitter:data1\" content=\"1 minuto\" \/>\n<script type=\"application\/ld+json\" class=\"yoast-schema-graph\">{\"@context\":\"https:\\\/\\\/schema.org\",\"@graph\":[{\"@type\":\"WebPage\",\"@id\":\"https:\\\/\\\/centoserenate.it\\\/es\\\/reserve-su-plaza-de-aparcamiento\\\/\",\"url\":\"https:\\\/\\\/centoserenate.it\\\/es\\\/reserve-su-plaza-de-aparcamiento\\\/\",\"name\":\"Reserve su plaza de aparcamiento - Cento Serenate Amalfi\",\"isPartOf\":{\"@id\":\"https:\\\/\\\/centoserenate.it\\\/es\\\/#website\"},\"primaryImageOfPage\":{\"@id\":\"https:\\\/\\\/centoserenate.it\\\/es\\\/reserve-su-plaza-de-aparcamiento\\\/#primaryimage\"},\"image\":{\"@id\":\"https:\\\/\\\/centoserenate.it\\\/es\\\/reserve-su-plaza-de-aparcamiento\\\/#primaryimage\"},\"thumbnailUrl\":\"https:\\\/\\\/centoserenate.it\\\/wp-content\\\/uploads\\\/2025\\\/09\\\/esterni-cento-serenate_6.webp\",\"datePublished\":\"2025-09-22T15:57:18+00:00\",\"dateModified\":\"2025-10-15T14:25:31+00:00\",\"breadcrumb\":{\"@id\":\"https:\\\/\\\/centoserenate.it\\\/es\\\/reserve-su-plaza-de-aparcamiento\\\/#breadcrumb\"},\"inLanguage\":\"es\",\"potentialAction\":[{\"@type\":\"ReadAction\",\"target\":[\"https:\\\/\\\/centoserenate.it\\\/es\\\/reserve-su-plaza-de-aparcamiento\\\/\"]}]},{\"@type\":\"ImageObject\",\"inLanguage\":\"es\",\"@id\":\"https:\\\/\\\/centoserenate.it\\\/es\\\/reserve-su-plaza-de-aparcamiento\\\/#primaryimage\",\"url\":\"https:\\\/\\\/centoserenate.it\\\/wp-content\\\/uploads\\\/2025\\\/09\\\/esterni-cento-serenate_6.webp\",\"contentUrl\":\"https:\\\/\\\/centoserenate.it\\\/wp-content\\\/uploads\\\/2025\\\/09\\\/esterni-cento-serenate_6.webp\",\"width\":1920,\"height\":1280},{\"@type\":\"BreadcrumbList\",\"@id\":\"https:\\\/\\\/centoserenate.it\\\/es\\\/reserve-su-plaza-de-aparcamiento\\\/#breadcrumb\",\"itemListElement\":[{\"@type\":\"ListItem\",\"position\":1,\"name\":\"Home\",\"item\":\"https:\\\/\\\/centoserenate.it\\\/es\\\/home-sp\\\/\"},{\"@type\":\"ListItem\",\"position\":2,\"name\":\"Reserve su plaza de aparcamiento\"}]},{\"@type\":\"WebSite\",\"@id\":\"https:\\\/\\\/centoserenate.it\\\/es\\\/#website\",\"url\":\"https:\\\/\\\/centoserenate.it\\\/es\\\/\",\"name\":\"Cento Serenate Amalfi\",\"description\":\"\",\"publisher\":{\"@id\":\"https:\\\/\\\/centoserenate.it\\\/es\\\/#organization\"},\"potentialAction\":[{\"@type\":\"SearchAction\",\"target\":{\"@type\":\"EntryPoint\",\"urlTemplate\":\"https:\\\/\\\/centoserenate.it\\\/es\\\/?s={search_term_string}\"},\"query-input\":{\"@type\":\"PropertyValueSpecification\",\"valueRequired\":true,\"valueName\":\"search_term_string\"}}],\"inLanguage\":\"es\"},{\"@type\":\"Organization\",\"@id\":\"https:\\\/\\\/centoserenate.it\\\/es\\\/#organization\",\"name\":\"Cento Serenate Amalfi\",\"url\":\"https:\\\/\\\/centoserenate.it\\\/es\\\/\",\"logo\":{\"@type\":\"ImageObject\",\"inLanguage\":\"es\",\"@id\":\"https:\\\/\\\/centoserenate.it\\\/es\\\/#\\\/schema\\\/logo\\\/image\\\/\",\"url\":\"https:\\\/\\\/centoserenate.it\\\/wp-content\\\/uploads\\\/2025\\\/08\\\/logo-centoserenate-web-2.webp\",\"contentUrl\":\"https:\\\/\\\/centoserenate.it\\\/wp-content\\\/uploads\\\/2025\\\/08\\\/logo-centoserenate-web-2.webp\",\"width\":800,\"height\":349,\"caption\":\"Cento Serenate Amalfi\"},\"image\":{\"@id\":\"https:\\\/\\\/centoserenate.it\\\/es\\\/#\\\/schema\\\/logo\\\/image\\\/\"}}]}<\/script>\n<!-- \/ Yoast SEO plugin. -->","yoast_head_json":{"title":"Reserve su plaza de aparcamiento - Cento Serenate Amalfi","robots":{"index":"index","follow":"follow","max-snippet":"max-snippet:-1","max-image-preview":"max-image-preview:large","max-video-preview":"max-video-preview:-1"},"canonical":"https:\/\/centoserenate.it\/es\/reserve-su-plaza-de-aparcamiento\/","og_locale":"es_ES","og_type":"article","og_title":"Reserve su plaza de aparcamiento - Cento Serenate Amalfi","og_description":"Deje el coche en el aparcamiento privado y rel\u00e1jese. Disfrute de sus vacaciones en Amalfi sin preocuparse por el aparcamiento. Si llega en coche, le ofrecemos una plaza en un parking privado muy cercano a [&hellip;]","og_url":"https:\/\/centoserenate.it\/es\/reserve-su-plaza-de-aparcamiento\/","og_site_name":"Cento Serenate Amalfi","article_modified_time":"2025-10-15T14:25:31+00:00","og_image":[{"width":1920,"height":1280,"url":"https:\/\/centoserenate.it\/wp-content\/uploads\/2025\/09\/esterni-cento-serenate_6.webp","type":"image\/webp"}],"twitter_card":"summary_large_image","twitter_misc":{"Tiempo de lectura":"1 minuto"},"schema":{"@context":"https:\/\/schema.org","@graph":[{"@type":"WebPage","@id":"https:\/\/centoserenate.it\/es\/reserve-su-plaza-de-aparcamiento\/","url":"https:\/\/centoserenate.it\/es\/reserve-su-plaza-de-aparcamiento\/","name":"Reserve su plaza de aparcamiento - Cento Serenate Amalfi","isPartOf":{"@id":"https:\/\/centoserenate.it\/es\/#website"},"primaryImageOfPage":{"@id":"https:\/\/centoserenate.it\/es\/reserve-su-plaza-de-aparcamiento\/#primaryimage"},"image":{"@id":"https:\/\/centoserenate.it\/es\/reserve-su-plaza-de-aparcamiento\/#primaryimage"},"thumbnailUrl":"https:\/\/centoserenate.it\/wp-content\/uploads\/2025\/09\/esterni-cento-serenate_6.webp","datePublished":"2025-09-22T15:57:18+00:00","dateModified":"2025-10-15T14:25:31+00:00","breadcrumb":{"@id":"https:\/\/centoserenate.it\/es\/reserve-su-plaza-de-aparcamiento\/#breadcrumb"},"inLanguage":"es","potentialAction":[{"@type":"ReadAction","target":["https:\/\/centoserenate.it\/es\/reserve-su-plaza-de-aparcamiento\/"]}]},{"@type":"ImageObject","inLanguage":"es","@id":"https:\/\/centoserenate.it\/es\/reserve-su-plaza-de-aparcamiento\/#primaryimage","url":"https:\/\/centoserenate.it\/wp-content\/uploads\/2025\/09\/esterni-cento-serenate_6.webp","contentUrl":"https:\/\/centoserenate.it\/wp-content\/uploads\/2025\/09\/esterni-cento-serenate_6.webp","width":1920,"height":1280},{"@type":"BreadcrumbList","@id":"https:\/\/centoserenate.it\/es\/reserve-su-plaza-de-aparcamiento\/#breadcrumb","itemListElement":[{"@type":"ListItem","position":1,"name":"Home","item":"https:\/\/centoserenate.it\/es\/home-sp\/"},{"@type":"ListItem","position":2,"name":"Reserve su plaza de aparcamiento"}]},{"@type":"WebSite","@id":"https:\/\/centoserenate.it\/es\/#website","url":"https:\/\/centoserenate.it\/es\/","name":"Cento Serenate Amalfi","description":"","publisher":{"@id":"https:\/\/centoserenate.it\/es\/#organization"},"potentialAction":[{"@type":"SearchAction","target":{"@type":"EntryPoint","urlTemplate":"https:\/\/centoserenate.it\/es\/?s={search_term_string}"},"query-input":{"@type":"PropertyValueSpecification","valueRequired":true,"valueName":"search_term_string"}}],"inLanguage":"es"},{"@type":"Organization","@id":"https:\/\/centoserenate.it\/es\/#organization","name":"Cento Serenate Amalfi","url":"https:\/\/centoserenate.it\/es\/","logo":{"@type":"ImageObject","inLanguage":"es","@id":"https:\/\/centoserenate.it\/es\/#\/schema\/logo\/image\/","url":"https:\/\/centoserenate.it\/wp-content\/uploads\/2025\/08\/logo-centoserenate-web-2.webp","contentUrl":"https:\/\/centoserenate.it\/wp-content\/uploads\/2025\/08\/logo-centoserenate-web-2.webp","width":800,"height":349,"caption":"Cento Serenate Amalfi"},"image":{"@id":"https:\/\/centoserenate.it\/es\/#\/schema\/logo\/image\/"}}]}},"_links":{"self":[{"href":"https:\/\/centoserenate.it\/es\/wp-json\/wp\/v2\/pages\/951","targetHints":{"allow":["GET"]}}],"collection":[{"href":"https:\/\/centoserenate.it\/es\/wp-json\/wp\/v2\/pages"}],"about":[{"href":"https:\/\/centoserenate.it\/es\/wp-json\/wp\/v2\/types\/page"}],"author":[{"embeddable":true,"href":"https:\/\/centoserenate.it\/es\/wp-json\/wp\/v2\/users\/1"}],"replies":[{"embeddable":true,"href":"https:\/\/centoserenate.it\/es\/wp-json\/wp\/v2\/comments?post=951"}],"version-history":[{"count":2,"href":"https:\/\/centoserenate.it\/es\/wp-json\/wp\/v2\/pages\/951\/revisions"}],"predecessor-version":[{"id":953,"href":"https:\/\/centoserenate.it\/es\/wp-json\/wp\/v2\/pages\/951\/revisions\/953"}],"wp:featuredmedia":[{"embeddable":true,"href":"https:\/\/centoserenate.it\/es\/wp-json\/wp\/v2\/media\/914"}],"wp:attachment":[{"href":"https:\/\/centoserenate.it\/es\/wp-json\/wp\/v2\/media?parent=951"}],"curies":[{"name":"wp","href":"https:\/\/api.w.org\/{rel}","templated":true}]}}