{"id":911,"date":"2025-08-29T17:59:52","date_gmt":"2025-08-29T17:59:52","guid":{"rendered":"https:\/\/centoserenate.it\/location-2\/"},"modified":"2025-10-14T21:09:57","modified_gmt":"2025-10-14T21:09:57","slug":"location-2","status":"publish","type":"page","link":"https:\/\/centoserenate.it\/es\/location-2\/","title":{"rendered":"Location"},"content":{"rendered":"\t\t<div data-elementor-type=\"wp-page\" data-elementor-id=\"911\" class=\"elementor elementor-911 elementor-550\">\n\t\t\t\t<div class=\"elementor-element elementor-element-26b7229 e-flex e-con-boxed e-con e-parent\" data-id=\"26b7229\" data-element_type=\"container\" data-e-type=\"container\">\n\t\t\t\t\t<div class=\"e-con-inner\">\n\t\t<div class=\"elementor-element elementor-element-03a75af e-con-full e-flex e-con e-child\" data-id=\"03a75af\" data-element_type=\"container\" data-e-type=\"container\">\n\t\t\t\t<div class=\"elementor-element elementor-element-18c853d elementor-widget elementor-widget-image\" data-id=\"18c853d\" data-element_type=\"widget\" data-e-type=\"widget\" data-widget_type=\"image.default\">\n\t\t\t\t<div class=\"elementor-widget-container\">\n\t\t\t\t\t\t\t\t\t\t\t\t\t\t\t<img fetchpriority=\"high\" decoding=\"async\" width=\"576\" height=\"1024\" src=\"https:\/\/centoserenate.it\/wp-content\/uploads\/2025\/10\/cento-serenate-outdoor-576x1024.webp\" class=\"attachment-large size-large wp-image-881\" alt=\"\" srcset=\"https:\/\/centoserenate.it\/wp-content\/uploads\/2025\/10\/cento-serenate-outdoor-576x1024.webp 576w, https:\/\/centoserenate.it\/wp-content\/uploads\/2025\/10\/cento-serenate-outdoor-169x300.webp 169w, https:\/\/centoserenate.it\/wp-content\/uploads\/2025\/10\/cento-serenate-outdoor-768x1365.webp 768w, https:\/\/centoserenate.it\/wp-content\/uploads\/2025\/10\/cento-serenate-outdoor-864x1536.webp 864w, https:\/\/centoserenate.it\/wp-content\/uploads\/2025\/10\/cento-serenate-outdoor.webp 1080w\" sizes=\"(max-width: 576px) 100vw, 576px\" \/>\t\t\t\t\t\t\t\t\t\t\t\t\t\t\t<\/div>\n\t\t\t\t<\/div>\n\t\t\t\t<\/div>\n\t\t<div class=\"elementor-element elementor-element-a492850 e-con-full e-flex e-con e-child\" data-id=\"a492850\" data-element_type=\"container\" data-e-type=\"container\">\n\t\t\t\t<div class=\"elementor-element elementor-element-a3dd635 elementor-widget elementor-widget-spacer\" data-id=\"a3dd635\" data-element_type=\"widget\" data-e-type=\"widget\" data-widget_type=\"spacer.default\">\n\t\t\t\t<div class=\"elementor-widget-container\">\n\t\t\t\t\t\t\t<div class=\"elementor-spacer\">\n\t\t\t<div class=\"elementor-spacer-inner\"><\/div>\n\t\t<\/div>\n\t\t\t\t\t\t<\/div>\n\t\t\t\t<\/div>\n\t\t\t\t<div class=\"elementor-element elementor-element-60f1c6c elementor-widget elementor-widget-text-editor\" data-id=\"60f1c6c\" data-element_type=\"widget\" data-e-type=\"widget\" data-widget_type=\"text-editor.default\">\n\t\t\t\t<div class=\"elementor-widget-container\">\n\t\t\t\t\t\t\t\t\t<p>Cento Serenate se encuentra en Piazza Duomo, 18. Estamos en pleno centro hist\u00f3rico, frente a la catedral de Amalfi. Desde nuestras ventanas se puede admirar la espl\u00e9ndida Piazza Duomo, que evoca la encantadora Dolce Vita amalfitana. Para acceder a nuestro apartamento, tendr\u00e1 que subir un tramo de escaleras de unos 15 escalones.<\/p>\t\t\t\t\t\t\t\t<\/div>\n\t\t\t\t<\/div>\n\t\t\t\t<div class=\"elementor-element elementor-element-d175fdb elementor-widget elementor-widget-google_maps\" data-id=\"d175fdb\" data-element_type=\"widget\" data-e-type=\"widget\" data-widget_type=\"google_maps.default\">\n\t\t\t\t<div class=\"elementor-widget-container\">\n\t\t\t\t\t\t\t<div class=\"elementor-custom-embed\">\n\t\t\t<iframe loading=\"lazy\"\n\t\t\t\t\tsrc=\"https:\/\/maps.google.com\/maps?q=piazza%20duomo%2018%20amalfi&#038;t=m&#038;z=20&#038;output=embed&#038;iwloc=near\"\n\t\t\t\t\ttitle=\"piazza duomo 18 amalfi\"\n\t\t\t\t\taria-label=\"piazza duomo 18 amalfi\"\n\t\t\t><\/iframe>\n\t\t<\/div>\n\t\t\t\t\t\t<\/div>\n\t\t\t\t<\/div>\n\t\t\t\t<\/div>\n\t\t\t\t\t<\/div>\n\t\t\t\t<\/div>\n\t\t\t\t<\/div>\n\t\t","protected":false},"excerpt":{"rendered":"<p>Cento Serenate se encuentra en Piazza Duomo, 18. Estamos en pleno centro hist\u00f3rico, frente a la catedral de Amalfi. Desde nuestras ventanas se puede admirar la espl\u00e9ndida Piazza Duomo, que evoca la encantadora Dolce Vita [&hellip;]<\/p>\n","protected":false},"author":1,"featured_media":913,"parent":0,"menu_order":0,"comment_status":"closed","ping_status":"closed","template":"templates\/template-fullwidth-boxed.php","meta":{"footnotes":""},"class_list":["post-911","page","type-page","status-publish","has-post-thumbnail","hentry"],"yoast_head":"<!-- This site is optimized with the Yoast SEO plugin v27.4 - https:\/\/yoast.com\/product\/yoast-seo-wordpress\/ -->\n<title>Location - Cento Serenate Amalfi<\/title>\n<meta name=\"robots\" content=\"index, follow, max-snippet:-1, max-image-preview:large, max-video-preview:-1\" \/>\n<link rel=\"canonical\" href=\"https:\/\/centoserenate.it\/es\/location-2\/\" \/>\n<meta property=\"og:locale\" content=\"es_ES\" \/>\n<meta property=\"og:type\" content=\"article\" \/>\n<meta property=\"og:title\" content=\"Location - Cento Serenate Amalfi\" \/>\n<meta property=\"og:description\" content=\"Cento Serenate se encuentra en Piazza Duomo, 18. Estamos en pleno centro hist\u00f3rico, frente a la catedral de Amalfi. Desde nuestras ventanas se puede admirar la espl\u00e9ndida Piazza Duomo, que evoca la encantadora Dolce Vita [&hellip;]\" \/>\n<meta property=\"og:url\" content=\"https:\/\/centoserenate.it\/es\/location-2\/\" \/>\n<meta property=\"og:site_name\" content=\"Cento Serenate Amalfi\" \/>\n<meta property=\"article:modified_time\" content=\"2025-10-14T21:09:57+00:00\" \/>\n<meta property=\"og:image\" content=\"https:\/\/centoserenate.it\/wp-content\/uploads\/2025\/09\/cento-serenate-_5.webp\" \/>\n\t<meta property=\"og:image:width\" content=\"1920\" \/>\n\t<meta property=\"og:image:height\" content=\"1280\" \/>\n\t<meta property=\"og:image:type\" content=\"image\/webp\" \/>\n<meta name=\"twitter:card\" content=\"summary_large_image\" \/>\n<script type=\"application\/ld+json\" class=\"yoast-schema-graph\">{\"@context\":\"https:\\\/\\\/schema.org\",\"@graph\":[{\"@type\":\"WebPage\",\"@id\":\"https:\\\/\\\/centoserenate.it\\\/es\\\/location-2\\\/\",\"url\":\"https:\\\/\\\/centoserenate.it\\\/es\\\/location-2\\\/\",\"name\":\"Location - Cento Serenate Amalfi\",\"isPartOf\":{\"@id\":\"https:\\\/\\\/centoserenate.it\\\/es\\\/#website\"},\"primaryImageOfPage\":{\"@id\":\"https:\\\/\\\/centoserenate.it\\\/es\\\/location-2\\\/#primaryimage\"},\"image\":{\"@id\":\"https:\\\/\\\/centoserenate.it\\\/es\\\/location-2\\\/#primaryimage\"},\"thumbnailUrl\":\"https:\\\/\\\/centoserenate.it\\\/wp-content\\\/uploads\\\/2025\\\/09\\\/cento-serenate-_5.webp\",\"datePublished\":\"2025-08-29T17:59:52+00:00\",\"dateModified\":\"2025-10-14T21:09:57+00:00\",\"breadcrumb\":{\"@id\":\"https:\\\/\\\/centoserenate.it\\\/es\\\/location-2\\\/#breadcrumb\"},\"inLanguage\":\"es\",\"potentialAction\":[{\"@type\":\"ReadAction\",\"target\":[\"https:\\\/\\\/centoserenate.it\\\/es\\\/location-2\\\/\"]}]},{\"@type\":\"ImageObject\",\"inLanguage\":\"es\",\"@id\":\"https:\\\/\\\/centoserenate.it\\\/es\\\/location-2\\\/#primaryimage\",\"url\":\"https:\\\/\\\/centoserenate.it\\\/wp-content\\\/uploads\\\/2025\\\/09\\\/cento-serenate-_5.webp\",\"contentUrl\":\"https:\\\/\\\/centoserenate.it\\\/wp-content\\\/uploads\\\/2025\\\/09\\\/cento-serenate-_5.webp\",\"width\":1920,\"height\":1280},{\"@type\":\"BreadcrumbList\",\"@id\":\"https:\\\/\\\/centoserenate.it\\\/es\\\/location-2\\\/#breadcrumb\",\"itemListElement\":[{\"@type\":\"ListItem\",\"position\":1,\"name\":\"Home\",\"item\":\"https:\\\/\\\/centoserenate.it\\\/es\\\/home-sp\\\/\"},{\"@type\":\"ListItem\",\"position\":2,\"name\":\"Location\"}]},{\"@type\":\"WebSite\",\"@id\":\"https:\\\/\\\/centoserenate.it\\\/es\\\/#website\",\"url\":\"https:\\\/\\\/centoserenate.it\\\/es\\\/\",\"name\":\"Cento Serenate Amalfi\",\"description\":\"\",\"publisher\":{\"@id\":\"https:\\\/\\\/centoserenate.it\\\/es\\\/#organization\"},\"potentialAction\":[{\"@type\":\"SearchAction\",\"target\":{\"@type\":\"EntryPoint\",\"urlTemplate\":\"https:\\\/\\\/centoserenate.it\\\/es\\\/?s={search_term_string}\"},\"query-input\":{\"@type\":\"PropertyValueSpecification\",\"valueRequired\":true,\"valueName\":\"search_term_string\"}}],\"inLanguage\":\"es\"},{\"@type\":\"Organization\",\"@id\":\"https:\\\/\\\/centoserenate.it\\\/es\\\/#organization\",\"name\":\"Cento Serenate Amalfi\",\"url\":\"https:\\\/\\\/centoserenate.it\\\/es\\\/\",\"logo\":{\"@type\":\"ImageObject\",\"inLanguage\":\"es\",\"@id\":\"https:\\\/\\\/centoserenate.it\\\/es\\\/#\\\/schema\\\/logo\\\/image\\\/\",\"url\":\"https:\\\/\\\/centoserenate.it\\\/wp-content\\\/uploads\\\/2025\\\/08\\\/logo-centoserenate-web-2.webp\",\"contentUrl\":\"https:\\\/\\\/centoserenate.it\\\/wp-content\\\/uploads\\\/2025\\\/08\\\/logo-centoserenate-web-2.webp\",\"width\":800,\"height\":349,\"caption\":\"Cento Serenate Amalfi\"},\"image\":{\"@id\":\"https:\\\/\\\/centoserenate.it\\\/es\\\/#\\\/schema\\\/logo\\\/image\\\/\"}}]}<\/script>\n<!-- \/ Yoast SEO plugin. -->","yoast_head_json":{"title":"Location - Cento Serenate Amalfi","robots":{"index":"index","follow":"follow","max-snippet":"max-snippet:-1","max-image-preview":"max-image-preview:large","max-video-preview":"max-video-preview:-1"},"canonical":"https:\/\/centoserenate.it\/es\/location-2\/","og_locale":"es_ES","og_type":"article","og_title":"Location - Cento Serenate Amalfi","og_description":"Cento Serenate se encuentra en Piazza Duomo, 18. Estamos en pleno centro hist\u00f3rico, frente a la catedral de Amalfi. Desde nuestras ventanas se puede admirar la espl\u00e9ndida Piazza Duomo, que evoca la encantadora Dolce Vita [&hellip;]","og_url":"https:\/\/centoserenate.it\/es\/location-2\/","og_site_name":"Cento Serenate Amalfi","article_modified_time":"2025-10-14T21:09:57+00:00","og_image":[{"width":1920,"height":1280,"url":"https:\/\/centoserenate.it\/wp-content\/uploads\/2025\/09\/cento-serenate-_5.webp","type":"image\/webp"}],"twitter_card":"summary_large_image","schema":{"@context":"https:\/\/schema.org","@graph":[{"@type":"WebPage","@id":"https:\/\/centoserenate.it\/es\/location-2\/","url":"https:\/\/centoserenate.it\/es\/location-2\/","name":"Location - Cento Serenate Amalfi","isPartOf":{"@id":"https:\/\/centoserenate.it\/es\/#website"},"primaryImageOfPage":{"@id":"https:\/\/centoserenate.it\/es\/location-2\/#primaryimage"},"image":{"@id":"https:\/\/centoserenate.it\/es\/location-2\/#primaryimage"},"thumbnailUrl":"https:\/\/centoserenate.it\/wp-content\/uploads\/2025\/09\/cento-serenate-_5.webp","datePublished":"2025-08-29T17:59:52+00:00","dateModified":"2025-10-14T21:09:57+00:00","breadcrumb":{"@id":"https:\/\/centoserenate.it\/es\/location-2\/#breadcrumb"},"inLanguage":"es","potentialAction":[{"@type":"ReadAction","target":["https:\/\/centoserenate.it\/es\/location-2\/"]}]},{"@type":"ImageObject","inLanguage":"es","@id":"https:\/\/centoserenate.it\/es\/location-2\/#primaryimage","url":"https:\/\/centoserenate.it\/wp-content\/uploads\/2025\/09\/cento-serenate-_5.webp","contentUrl":"https:\/\/centoserenate.it\/wp-content\/uploads\/2025\/09\/cento-serenate-_5.webp","width":1920,"height":1280},{"@type":"BreadcrumbList","@id":"https:\/\/centoserenate.it\/es\/location-2\/#breadcrumb","itemListElement":[{"@type":"ListItem","position":1,"name":"Home","item":"https:\/\/centoserenate.it\/es\/home-sp\/"},{"@type":"ListItem","position":2,"name":"Location"}]},{"@type":"WebSite","@id":"https:\/\/centoserenate.it\/es\/#website","url":"https:\/\/centoserenate.it\/es\/","name":"Cento Serenate Amalfi","description":"","publisher":{"@id":"https:\/\/centoserenate.it\/es\/#organization"},"potentialAction":[{"@type":"SearchAction","target":{"@type":"EntryPoint","urlTemplate":"https:\/\/centoserenate.it\/es\/?s={search_term_string}"},"query-input":{"@type":"PropertyValueSpecification","valueRequired":true,"valueName":"search_term_string"}}],"inLanguage":"es"},{"@type":"Organization","@id":"https:\/\/centoserenate.it\/es\/#organization","name":"Cento Serenate Amalfi","url":"https:\/\/centoserenate.it\/es\/","logo":{"@type":"ImageObject","inLanguage":"es","@id":"https:\/\/centoserenate.it\/es\/#\/schema\/logo\/image\/","url":"https:\/\/centoserenate.it\/wp-content\/uploads\/2025\/08\/logo-centoserenate-web-2.webp","contentUrl":"https:\/\/centoserenate.it\/wp-content\/uploads\/2025\/08\/logo-centoserenate-web-2.webp","width":800,"height":349,"caption":"Cento Serenate Amalfi"},"image":{"@id":"https:\/\/centoserenate.it\/es\/#\/schema\/logo\/image\/"}}]}},"_links":{"self":[{"href":"https:\/\/centoserenate.it\/es\/wp-json\/wp\/v2\/pages\/911","targetHints":{"allow":["GET"]}}],"collection":[{"href":"https:\/\/centoserenate.it\/es\/wp-json\/wp\/v2\/pages"}],"about":[{"href":"https:\/\/centoserenate.it\/es\/wp-json\/wp\/v2\/types\/page"}],"author":[{"embeddable":true,"href":"https:\/\/centoserenate.it\/es\/wp-json\/wp\/v2\/users\/1"}],"replies":[{"embeddable":true,"href":"https:\/\/centoserenate.it\/es\/wp-json\/wp\/v2\/comments?post=911"}],"version-history":[{"count":2,"href":"https:\/\/centoserenate.it\/es\/wp-json\/wp\/v2\/pages\/911\/revisions"}],"predecessor-version":[{"id":916,"href":"https:\/\/centoserenate.it\/es\/wp-json\/wp\/v2\/pages\/911\/revisions\/916"}],"wp:featuredmedia":[{"embeddable":true,"href":"https:\/\/centoserenate.it\/es\/wp-json\/wp\/v2\/media\/913"}],"wp:attachment":[{"href":"https:\/\/centoserenate.it\/es\/wp-json\/wp\/v2\/media?parent=911"}],"curies":[{"name":"wp","href":"https:\/\/api.w.org\/{rel}","templated":true}]}}