{"id":899,"date":"2023-04-11T12:51:32","date_gmt":"2023-04-11T12:51:32","guid":{"rendered":"https:\/\/centoserenate.it\/cento-serenate-es-una-pelicula\/"},"modified":"2025-10-14T20:55:29","modified_gmt":"2025-10-14T20:55:29","slug":"cento-serenate-es-una-pelicula","status":"publish","type":"page","link":"https:\/\/centoserenate.it\/es\/cento-serenate-es-una-pelicula\/","title":{"rendered":"Cento Serenate es una pel\u00edcula"},"content":{"rendered":"\t\t<div data-elementor-type=\"wp-page\" data-elementor-id=\"899\" class=\"elementor elementor-899 elementor-6\">\n\t\t\t\t\t\t<section class=\"elementor-section elementor-top-section elementor-element elementor-element-218c66e7 elementor-section-full_width elementor-section-height-default elementor-section-height-default\" data-id=\"218c66e7\" data-element_type=\"section\" data-e-type=\"section\">\n\t\t\t\t\t\t<div class=\"elementor-container elementor-column-gap-no\">\n\t\t\t\t\t<div class=\"elementor-column elementor-col-100 elementor-top-column elementor-element elementor-element-63b678c8\" data-id=\"63b678c8\" data-element_type=\"column\" data-e-type=\"column\">\n\t\t\t<div class=\"elementor-widget-wrap elementor-element-populated\">\n\t\t\t\t\t\t<div class=\"elementor-element elementor-element-6ee7f62a elementor-widget elementor-widget-text-editor\" data-id=\"6ee7f62a\" data-element_type=\"widget\" data-e-type=\"widget\" data-widget_type=\"text-editor.default\">\n\t\t\t\t<div class=\"elementor-widget-container\">\n\t\t\t\t\t\t\t\t\t<p>Nuestro apartamento tiene una historia realmente fascinante. En 1954 se rod\u00f3 aqu\u00ed &#8220;Cento Serenate&#8221;, una comedia rom\u00e1ntica ambientada en nuestro apartamento. La pel\u00edcula cuenta la historia de Dick Nelson, un rico industrial estadounidense que llega a Italia con su novia Vivienne para inspeccionar una sucursal de su f\u00e1brica de pasta.&nbsp;<a href=\"https:\/\/www.youtube.com\/watch?v=kEcvG0k9MEg\" target=\"_blank\"><b>Vea una escena de la pel\u00edcula<\/b><\/a><br>Llamamos a nuestro apartamento &#8220;Cento Serenate Amalfi&#8221; en homenaje a la pel\u00edcula que se rod\u00f3 aqu\u00ed.<\/p>\t\t\t\t\t\t\t\t<\/div>\n\t\t\t\t<\/div>\n\t\t\t\t<div class=\"elementor-element elementor-element-dd911de elementor-widget elementor-widget-text-editor\" data-id=\"dd911de\" data-element_type=\"widget\" data-e-type=\"widget\" data-widget_type=\"text-editor.default\">\n\t\t\t\t<div class=\"elementor-widget-container\">\n\t\t\t\t\t\t\t\t\t<p data-start=\"171\" data-end=\"470\">En <em data-start=\"174\" data-end=\"190\">Cento Serenate<\/em>, la hospitalidad es m\u00e1s que un servicio: es una tradici\u00f3n familiar. Dirigido por amalfitanos con d\u00e9cadas de experiencia en acoger a viajeros de todo el mundo, el apartamento refleja tanto nuestras profundas ra\u00edces en la Costa Amalfitana como nuestra pasi\u00f3n por crear estancias inolvidables.<\/p><p data-start=\"472\" data-end=\"705\">Cada detalle ha sido cuidadosamente estudiado para combinar comodidad, elegancia y autenticidad: desde refinados interiores inspirados en los colores del mar y la naturaleza mediterr\u00e1nea, hasta cuidados servicios dise\u00f1ados para su m\u00e1xima relajaci\u00f3n.<\/p><p data-start=\"707\" data-end=\"995\">Elegir <em data-start=\"716\" data-end=\"732\">Cento Serenate<\/em> significa vivir Amalfi no s\u00f3lo como hu\u00e9sped, sino como parte de su historia. Con nuestro conocimiento de la zona y nuestra dedicaci\u00f3n al servicio personalizado, nos aseguramos de que cada momento de su estancia est\u00e9 impregnado de la calidez, la belleza y el encanto intemporal de la Costa Divina.<\/p>\t\t\t\t\t\t\t\t<\/div>\n\t\t\t\t<\/div>\n\t\t\t\t<div class=\"elementor-element elementor-element-1e3b42be elementor-widget elementor-widget-spacer\" data-id=\"1e3b42be\" data-element_type=\"widget\" data-e-type=\"widget\" data-widget_type=\"spacer.default\">\n\t\t\t\t<div class=\"elementor-widget-container\">\n\t\t\t\t\t\t\t<div class=\"elementor-spacer\">\n\t\t\t<div class=\"elementor-spacer-inner\"><\/div>\n\t\t<\/div>\n\t\t\t\t\t\t<\/div>\n\t\t\t\t<\/div>\n\t\t\t\t<div class=\"elementor-element elementor-element-7dab5143 gallery-spacing-custom elementor-widget elementor-widget-image-gallery\" data-id=\"7dab5143\" data-element_type=\"widget\" data-e-type=\"widget\" data-widget_type=\"image-gallery.default\">\n\t\t\t\t<div class=\"elementor-widget-container\">\n\t\t\t\t\t\t\t<div class=\"elementor-image-gallery\">\n\t\t\t<div id='gallery-1' class='gallery galleryid-899 gallery-columns-3 gallery-size-full'><figure class='gallery-item'>\n\t\t\t<div class='gallery-icon landscape'>\n\t\t\t\t<img fetchpriority=\"high\" decoding=\"async\" width=\"1920\" height=\"1280\" src=\"https:\/\/centoserenate.it\/wp-content\/uploads\/2025\/08\/cento-serenate-_9.webp\" class=\"attachment-full size-full\" alt=\"\" srcset=\"https:\/\/centoserenate.it\/wp-content\/uploads\/2025\/08\/cento-serenate-_9.webp 1920w, https:\/\/centoserenate.it\/wp-content\/uploads\/2025\/08\/cento-serenate-_9-300x200.webp 300w, https:\/\/centoserenate.it\/wp-content\/uploads\/2025\/08\/cento-serenate-_9-1024x683.webp 1024w, https:\/\/centoserenate.it\/wp-content\/uploads\/2025\/08\/cento-serenate-_9-768x512.webp 768w, https:\/\/centoserenate.it\/wp-content\/uploads\/2025\/08\/cento-serenate-_9-1536x1024.webp 1536w, https:\/\/centoserenate.it\/wp-content\/uploads\/2025\/08\/cento-serenate-_9-870x580.webp 870w, https:\/\/centoserenate.it\/wp-content\/uploads\/2025\/08\/cento-serenate-_9-615x410.webp 615w, https:\/\/centoserenate.it\/wp-content\/uploads\/2025\/08\/cento-serenate-_9-1170x780.webp 1170w\" sizes=\"(max-width: 1920px) 100vw, 1920px\" \/>\n\t\t\t<\/div><\/figure><figure class='gallery-item'>\n\t\t\t<div class='gallery-icon landscape'>\n\t\t\t\t<img decoding=\"async\" width=\"1920\" height=\"1280\" src=\"https:\/\/centoserenate.it\/wp-content\/uploads\/2025\/08\/amalfi-square.jpg\" class=\"attachment-full size-full\" alt=\"\" srcset=\"https:\/\/centoserenate.it\/wp-content\/uploads\/2025\/08\/amalfi-square.jpg 1920w, https:\/\/centoserenate.it\/wp-content\/uploads\/2025\/08\/amalfi-square-300x200.jpg 300w, https:\/\/centoserenate.it\/wp-content\/uploads\/2025\/08\/amalfi-square-1024x683.jpg 1024w, https:\/\/centoserenate.it\/wp-content\/uploads\/2025\/08\/amalfi-square-768x512.jpg 768w, https:\/\/centoserenate.it\/wp-content\/uploads\/2025\/08\/amalfi-square-1536x1024.jpg 1536w, https:\/\/centoserenate.it\/wp-content\/uploads\/2025\/08\/amalfi-square-870x580.jpg 870w, https:\/\/centoserenate.it\/wp-content\/uploads\/2025\/08\/amalfi-square-615x410.jpg 615w, https:\/\/centoserenate.it\/wp-content\/uploads\/2025\/08\/amalfi-square-1170x780.jpg 1170w\" sizes=\"(max-width: 1920px) 100vw, 1920px\" \/>\n\t\t\t<\/div><\/figure><figure class='gallery-item'>\n\t\t\t<div class='gallery-icon landscape'>\n\t\t\t\t<img decoding=\"async\" width=\"1920\" height=\"1280\" src=\"https:\/\/centoserenate.it\/wp-content\/uploads\/2025\/08\/cento-serenate-_29.webp\" class=\"attachment-full size-full\" alt=\"\" srcset=\"https:\/\/centoserenate.it\/wp-content\/uploads\/2025\/08\/cento-serenate-_29.webp 1920w, https:\/\/centoserenate.it\/wp-content\/uploads\/2025\/08\/cento-serenate-_29-300x200.webp 300w, https:\/\/centoserenate.it\/wp-content\/uploads\/2025\/08\/cento-serenate-_29-1024x683.webp 1024w, https:\/\/centoserenate.it\/wp-content\/uploads\/2025\/08\/cento-serenate-_29-768x512.webp 768w, https:\/\/centoserenate.it\/wp-content\/uploads\/2025\/08\/cento-serenate-_29-1536x1024.webp 1536w, https:\/\/centoserenate.it\/wp-content\/uploads\/2025\/08\/cento-serenate-_29-870x580.webp 870w, https:\/\/centoserenate.it\/wp-content\/uploads\/2025\/08\/cento-serenate-_29-615x410.webp 615w, https:\/\/centoserenate.it\/wp-content\/uploads\/2025\/08\/cento-serenate-_29-1170x780.webp 1170w\" sizes=\"(max-width: 1920px) 100vw, 1920px\" \/>\n\t\t\t<\/div><\/figure>\n\t\t<\/div>\n\t\t<\/div>\n\t\t\t\t\t\t<\/div>\n\t\t\t\t<\/div>\n\t\t\t\t<div class=\"elementor-element elementor-element-7407e92a elementor-widget elementor-widget-spacer\" data-id=\"7407e92a\" data-element_type=\"widget\" data-e-type=\"widget\" data-widget_type=\"spacer.default\">\n\t\t\t\t<div class=\"elementor-widget-container\">\n\t\t\t\t\t\t\t<div class=\"elementor-spacer\">\n\t\t\t<div class=\"elementor-spacer-inner\"><\/div>\n\t\t<\/div>\n\t\t\t\t\t\t<\/div>\n\t\t\t\t<\/div>\n\t\t\t\t<div class=\"elementor-element elementor-element-f427fff elementor-widget elementor-widget-spacer\" data-id=\"f427fff\" data-element_type=\"widget\" data-e-type=\"widget\" data-widget_type=\"spacer.default\">\n\t\t\t\t<div class=\"elementor-widget-container\">\n\t\t\t\t\t\t\t<div class=\"elementor-spacer\">\n\t\t\t<div class=\"elementor-spacer-inner\"><\/div>\n\t\t<\/div>\n\t\t\t\t\t\t<\/div>\n\t\t\t\t<\/div>\n\t\t\t\t\t<\/div>\n\t\t<\/div>\n\t\t\t\t\t<\/div>\n\t\t<\/section>\n\t\t\t\t<\/div>\n\t\t","protected":false},"excerpt":{"rendered":"<p>Nuestro apartamento tiene una historia realmente fascinante. En 1954 se rod\u00f3 aqu\u00ed &#8220;Cento Serenate&#8221;, una comedia rom\u00e1ntica ambientada en nuestro apartamento. La pel\u00edcula cuenta la historia de Dick Nelson, un rico industrial estadounidense que llega [&hellip;]<\/p>\n","protected":false},"author":1,"featured_media":901,"parent":0,"menu_order":0,"comment_status":"closed","ping_status":"closed","template":"templates\/template-fullwidth-narrow.php","meta":{"footnotes":""},"class_list":["post-899","page","type-page","status-publish","has-post-thumbnail","hentry"],"yoast_head":"<!-- This site is optimized with the Yoast SEO plugin v27.4 - https:\/\/yoast.com\/product\/yoast-seo-wordpress\/ -->\n<title>Cento Serenate es una pel\u00edcula - Cento Serenate Amalfi<\/title>\n<meta name=\"robots\" content=\"index, follow, max-snippet:-1, max-image-preview:large, max-video-preview:-1\" \/>\n<link rel=\"canonical\" href=\"https:\/\/centoserenate.it\/es\/cento-serenate-es-una-pelicula\/\" \/>\n<meta property=\"og:locale\" content=\"es_ES\" \/>\n<meta property=\"og:type\" content=\"article\" \/>\n<meta property=\"og:title\" content=\"Cento Serenate es una pel\u00edcula - Cento Serenate Amalfi\" \/>\n<meta property=\"og:description\" content=\"Nuestro apartamento tiene una historia realmente fascinante. En 1954 se rod\u00f3 aqu\u00ed &#8220;Cento Serenate&#8221;, una comedia rom\u00e1ntica ambientada en nuestro apartamento. La pel\u00edcula cuenta la historia de Dick Nelson, un rico industrial estadounidense que llega [&hellip;]\" \/>\n<meta property=\"og:url\" content=\"https:\/\/centoserenate.it\/es\/cento-serenate-es-una-pelicula\/\" \/>\n<meta property=\"og:site_name\" content=\"Cento Serenate Amalfi\" \/>\n<meta property=\"article:modified_time\" content=\"2025-10-14T20:55:29+00:00\" \/>\n<meta property=\"og:image\" content=\"https:\/\/centoserenate.it\/wp-content\/uploads\/2025\/08\/cento-serenate-_9.webp\" \/>\n\t<meta property=\"og:image:width\" content=\"1920\" \/>\n\t<meta property=\"og:image:height\" content=\"1280\" \/>\n\t<meta property=\"og:image:type\" content=\"image\/webp\" \/>\n<meta name=\"twitter:card\" content=\"summary_large_image\" \/>\n<meta name=\"twitter:label1\" content=\"Tiempo de lectura\" \/>\n\t<meta name=\"twitter:data1\" content=\"1 minuto\" \/>\n<script type=\"application\/ld+json\" class=\"yoast-schema-graph\">{\"@context\":\"https:\\\/\\\/schema.org\",\"@graph\":[{\"@type\":\"WebPage\",\"@id\":\"https:\\\/\\\/centoserenate.it\\\/es\\\/cento-serenate-es-una-pelicula\\\/\",\"url\":\"https:\\\/\\\/centoserenate.it\\\/es\\\/cento-serenate-es-una-pelicula\\\/\",\"name\":\"Cento Serenate es una pel\u00edcula - Cento Serenate Amalfi\",\"isPartOf\":{\"@id\":\"https:\\\/\\\/centoserenate.it\\\/es\\\/#website\"},\"primaryImageOfPage\":{\"@id\":\"https:\\\/\\\/centoserenate.it\\\/es\\\/cento-serenate-es-una-pelicula\\\/#primaryimage\"},\"image\":{\"@id\":\"https:\\\/\\\/centoserenate.it\\\/es\\\/cento-serenate-es-una-pelicula\\\/#primaryimage\"},\"thumbnailUrl\":\"https:\\\/\\\/centoserenate.it\\\/wp-content\\\/uploads\\\/2025\\\/08\\\/cento-serenate-_9.webp\",\"datePublished\":\"2023-04-11T12:51:32+00:00\",\"dateModified\":\"2025-10-14T20:55:29+00:00\",\"breadcrumb\":{\"@id\":\"https:\\\/\\\/centoserenate.it\\\/es\\\/cento-serenate-es-una-pelicula\\\/#breadcrumb\"},\"inLanguage\":\"es\",\"potentialAction\":[{\"@type\":\"ReadAction\",\"target\":[\"https:\\\/\\\/centoserenate.it\\\/es\\\/cento-serenate-es-una-pelicula\\\/\"]}]},{\"@type\":\"ImageObject\",\"inLanguage\":\"es\",\"@id\":\"https:\\\/\\\/centoserenate.it\\\/es\\\/cento-serenate-es-una-pelicula\\\/#primaryimage\",\"url\":\"https:\\\/\\\/centoserenate.it\\\/wp-content\\\/uploads\\\/2025\\\/08\\\/cento-serenate-_9.webp\",\"contentUrl\":\"https:\\\/\\\/centoserenate.it\\\/wp-content\\\/uploads\\\/2025\\\/08\\\/cento-serenate-_9.webp\",\"width\":1920,\"height\":1280},{\"@type\":\"BreadcrumbList\",\"@id\":\"https:\\\/\\\/centoserenate.it\\\/es\\\/cento-serenate-es-una-pelicula\\\/#breadcrumb\",\"itemListElement\":[{\"@type\":\"ListItem\",\"position\":1,\"name\":\"Home\",\"item\":\"https:\\\/\\\/centoserenate.it\\\/es\\\/home-sp\\\/\"},{\"@type\":\"ListItem\",\"position\":2,\"name\":\"Cento Serenate es una pel\u00edcula\"}]},{\"@type\":\"WebSite\",\"@id\":\"https:\\\/\\\/centoserenate.it\\\/es\\\/#website\",\"url\":\"https:\\\/\\\/centoserenate.it\\\/es\\\/\",\"name\":\"Cento Serenate Amalfi\",\"description\":\"\",\"publisher\":{\"@id\":\"https:\\\/\\\/centoserenate.it\\\/es\\\/#organization\"},\"potentialAction\":[{\"@type\":\"SearchAction\",\"target\":{\"@type\":\"EntryPoint\",\"urlTemplate\":\"https:\\\/\\\/centoserenate.it\\\/es\\\/?s={search_term_string}\"},\"query-input\":{\"@type\":\"PropertyValueSpecification\",\"valueRequired\":true,\"valueName\":\"search_term_string\"}}],\"inLanguage\":\"es\"},{\"@type\":\"Organization\",\"@id\":\"https:\\\/\\\/centoserenate.it\\\/es\\\/#organization\",\"name\":\"Cento Serenate Amalfi\",\"url\":\"https:\\\/\\\/centoserenate.it\\\/es\\\/\",\"logo\":{\"@type\":\"ImageObject\",\"inLanguage\":\"es\",\"@id\":\"https:\\\/\\\/centoserenate.it\\\/es\\\/#\\\/schema\\\/logo\\\/image\\\/\",\"url\":\"https:\\\/\\\/centoserenate.it\\\/wp-content\\\/uploads\\\/2025\\\/08\\\/logo-centoserenate-web-2.webp\",\"contentUrl\":\"https:\\\/\\\/centoserenate.it\\\/wp-content\\\/uploads\\\/2025\\\/08\\\/logo-centoserenate-web-2.webp\",\"width\":800,\"height\":349,\"caption\":\"Cento Serenate Amalfi\"},\"image\":{\"@id\":\"https:\\\/\\\/centoserenate.it\\\/es\\\/#\\\/schema\\\/logo\\\/image\\\/\"}}]}<\/script>\n<!-- \/ Yoast SEO plugin. -->","yoast_head_json":{"title":"Cento Serenate es una pel\u00edcula - Cento Serenate Amalfi","robots":{"index":"index","follow":"follow","max-snippet":"max-snippet:-1","max-image-preview":"max-image-preview:large","max-video-preview":"max-video-preview:-1"},"canonical":"https:\/\/centoserenate.it\/es\/cento-serenate-es-una-pelicula\/","og_locale":"es_ES","og_type":"article","og_title":"Cento Serenate es una pel\u00edcula - Cento Serenate Amalfi","og_description":"Nuestro apartamento tiene una historia realmente fascinante. En 1954 se rod\u00f3 aqu\u00ed &#8220;Cento Serenate&#8221;, una comedia rom\u00e1ntica ambientada en nuestro apartamento. La pel\u00edcula cuenta la historia de Dick Nelson, un rico industrial estadounidense que llega [&hellip;]","og_url":"https:\/\/centoserenate.it\/es\/cento-serenate-es-una-pelicula\/","og_site_name":"Cento Serenate Amalfi","article_modified_time":"2025-10-14T20:55:29+00:00","og_image":[{"width":1920,"height":1280,"url":"https:\/\/centoserenate.it\/wp-content\/uploads\/2025\/08\/cento-serenate-_9.webp","type":"image\/webp"}],"twitter_card":"summary_large_image","twitter_misc":{"Tiempo de lectura":"1 minuto"},"schema":{"@context":"https:\/\/schema.org","@graph":[{"@type":"WebPage","@id":"https:\/\/centoserenate.it\/es\/cento-serenate-es-una-pelicula\/","url":"https:\/\/centoserenate.it\/es\/cento-serenate-es-una-pelicula\/","name":"Cento Serenate es una pel\u00edcula - Cento Serenate Amalfi","isPartOf":{"@id":"https:\/\/centoserenate.it\/es\/#website"},"primaryImageOfPage":{"@id":"https:\/\/centoserenate.it\/es\/cento-serenate-es-una-pelicula\/#primaryimage"},"image":{"@id":"https:\/\/centoserenate.it\/es\/cento-serenate-es-una-pelicula\/#primaryimage"},"thumbnailUrl":"https:\/\/centoserenate.it\/wp-content\/uploads\/2025\/08\/cento-serenate-_9.webp","datePublished":"2023-04-11T12:51:32+00:00","dateModified":"2025-10-14T20:55:29+00:00","breadcrumb":{"@id":"https:\/\/centoserenate.it\/es\/cento-serenate-es-una-pelicula\/#breadcrumb"},"inLanguage":"es","potentialAction":[{"@type":"ReadAction","target":["https:\/\/centoserenate.it\/es\/cento-serenate-es-una-pelicula\/"]}]},{"@type":"ImageObject","inLanguage":"es","@id":"https:\/\/centoserenate.it\/es\/cento-serenate-es-una-pelicula\/#primaryimage","url":"https:\/\/centoserenate.it\/wp-content\/uploads\/2025\/08\/cento-serenate-_9.webp","contentUrl":"https:\/\/centoserenate.it\/wp-content\/uploads\/2025\/08\/cento-serenate-_9.webp","width":1920,"height":1280},{"@type":"BreadcrumbList","@id":"https:\/\/centoserenate.it\/es\/cento-serenate-es-una-pelicula\/#breadcrumb","itemListElement":[{"@type":"ListItem","position":1,"name":"Home","item":"https:\/\/centoserenate.it\/es\/home-sp\/"},{"@type":"ListItem","position":2,"name":"Cento Serenate es una pel\u00edcula"}]},{"@type":"WebSite","@id":"https:\/\/centoserenate.it\/es\/#website","url":"https:\/\/centoserenate.it\/es\/","name":"Cento Serenate Amalfi","description":"","publisher":{"@id":"https:\/\/centoserenate.it\/es\/#organization"},"potentialAction":[{"@type":"SearchAction","target":{"@type":"EntryPoint","urlTemplate":"https:\/\/centoserenate.it\/es\/?s={search_term_string}"},"query-input":{"@type":"PropertyValueSpecification","valueRequired":true,"valueName":"search_term_string"}}],"inLanguage":"es"},{"@type":"Organization","@id":"https:\/\/centoserenate.it\/es\/#organization","name":"Cento Serenate Amalfi","url":"https:\/\/centoserenate.it\/es\/","logo":{"@type":"ImageObject","inLanguage":"es","@id":"https:\/\/centoserenate.it\/es\/#\/schema\/logo\/image\/","url":"https:\/\/centoserenate.it\/wp-content\/uploads\/2025\/08\/logo-centoserenate-web-2.webp","contentUrl":"https:\/\/centoserenate.it\/wp-content\/uploads\/2025\/08\/logo-centoserenate-web-2.webp","width":800,"height":349,"caption":"Cento Serenate Amalfi"},"image":{"@id":"https:\/\/centoserenate.it\/es\/#\/schema\/logo\/image\/"}}]}},"_links":{"self":[{"href":"https:\/\/centoserenate.it\/es\/wp-json\/wp\/v2\/pages\/899","targetHints":{"allow":["GET"]}}],"collection":[{"href":"https:\/\/centoserenate.it\/es\/wp-json\/wp\/v2\/pages"}],"about":[{"href":"https:\/\/centoserenate.it\/es\/wp-json\/wp\/v2\/types\/page"}],"author":[{"embeddable":true,"href":"https:\/\/centoserenate.it\/es\/wp-json\/wp\/v2\/users\/1"}],"replies":[{"embeddable":true,"href":"https:\/\/centoserenate.it\/es\/wp-json\/wp\/v2\/comments?post=899"}],"version-history":[{"count":2,"href":"https:\/\/centoserenate.it\/es\/wp-json\/wp\/v2\/pages\/899\/revisions"}],"predecessor-version":[{"id":903,"href":"https:\/\/centoserenate.it\/es\/wp-json\/wp\/v2\/pages\/899\/revisions\/903"}],"wp:featuredmedia":[{"embeddable":true,"href":"https:\/\/centoserenate.it\/es\/wp-json\/wp\/v2\/media\/901"}],"wp:attachment":[{"href":"https:\/\/centoserenate.it\/es\/wp-json\/wp\/v2\/media?parent=899"}],"curies":[{"name":"wp","href":"https:\/\/api.w.org\/{rel}","templated":true}]}}